{"id":131,"date":"2017-04-15T23:19:48","date_gmt":"2017-04-15T21:19:48","guid":{"rendered":"http:\/\/mv-systemes.fr\/?page_id=131"},"modified":"2017-06-10T07:03:58","modified_gmt":"2017-06-10T05:03:58","slug":"recuperation-de-donnees","status":"publish","type":"page","link":"https:\/\/mv-systemes.fr\/index.php\/recuperation-de-donnees\/","title":{"rendered":"La r\u00e9cup\u00e9ration de Donn\u00e9es"},"content":{"rendered":"<p><!--?xml version=\"1.0\" encoding=\"UTF-8\" ?--><\/p>\n<h2>Nos services de r\u00e9cup\u00e9ration de donn\u00e9es sur Paris<\/h2>\n<p>Votre disque dur a plant\u00e9 ? Vous avez perdu des informations pr\u00e9cieuses contenues sur une clef ou un support amovible ? Ne paniquez pas ! Dans 99% des cas, la r\u00e9cup\u00e9ration de donn\u00e9es perdues est encore possible, ceci par l\u2019interm\u00e9diaire de soci\u00e9t\u00e9s sp\u00e9cialis\u00e9es. MV SYSTEMES est partenaire de la soci\u00e9t\u00e9\u00a0<a href=\"http:\/\/recoveo.com\/\">Recoveo<\/a>, pr\u00e9sente localement et experte dans les solutions de r\u00e9cup\u00e9ration de donn\u00e9es difficiles.<\/p>\n<p>&nbsp;<\/p>\n<p>A notre niveau, un technicien recueille et analyse les informations concernant votre situation de perte de donn\u00e9es. Il saura alors traiter votre demande en relation avec notre partenaire,\u00a0<a href=\"http:\/\/www.recoveo.com\/\">Recoveo<\/a>, avec sa division Entreprise (pour les donn\u00e9es professionnelles) et sa division Family (pour les particuliers).<\/p>\n<p><img decoding=\"async\" class=\"aligncenter\" src=\"http:\/\/www.recoveo.com\/images\/divers\/panne-tete.jpg\" alt=\"T\u00eate d'un disque dur\" \/><\/p>\n<div id=\"conteneur\">Nous vous proposons une solution fiable et adapt\u00e9e pour la r\u00e9cup\u00e9ration de vos donn\u00e9es sur tout support, d\u00e8s lors que celui-ci pr\u00e9sente des sympt\u00f4mes rendant les donn\u00e9es pr\u00e9sentes inaccessibles.A notre niveau, un technicien recueille et analyse les informations concernant votre situation de perte de donn\u00e9es. Il saura alors traiter votre demande en relation avec notre partenaire, <a href=\"http:\/\/www.recoveo.com\">Recoveo<\/a>, avec sa division Entreprise (pour les donn\u00e9es professionnelles) et sa division Family (pour les particuliers).<\/div>\n<div><img decoding=\"async\" class=\"aligncenter\" src=\"http:\/\/www.recoveo.com\/images\/partenaires\/logo_partenaire.jpg\" alt=\"Partenaire Recoveo et Recovea\" \/><\/div>\n<div>\n<h2 class=\"titre2\">Pr\u00e9sentation<\/h2>\n<p>Depuis 2001, Recoveo (anciennement InVirtuel) est le sp\u00e9cialiste reconnu en France de la r\u00e9cup\u00e9ration de donn\u00e9es sur support informatique (disque dur, cl\u00e9 USB, syst\u00e8me RAID , NAS, SAN &#8230;).<br \/>\nBas\u00e9 au coeur du territoire national, Recoveo assure un service selon diff\u00e9rents niveaux d&rsquo;urgence en fonction du choix du client, jusqu&rsquo;\u00e0 des interventions sous 24 heures si besoin pour les professionnels.<br \/>\nSoci\u00e9t\u00e9 certifi\u00e9e ISO 9001 :2008, Recoveo garantit \u00e0 ses clients un service optimis\u00e9 et de qualit\u00e9, au moyen d&rsquo;une salle blanche ISO 5 classe 100 en interne, d&rsquo;une cellule de r\u00e9cup\u00e9ration d&rsquo;urgence au sein de 500 m<sup>2<\/sup> de locaux s\u00e9curis\u00e9s, et de 200 m<sup>2<\/sup> de laboratoires climatis\u00e9s avec 20 To de capacit\u00e9 de stockage.<img decoding=\"async\" class=\"aligncenter\" src=\"http:\/\/www.recoveo.com\/images\/que-faire\/panorama_technique_550_m.jpg\" alt=\"Laboratoire technique de la soci\u00e9t\u00e9 Recoveo\" \/>Parmi ses clients, la soci\u00e9t\u00e9 compte un nombre important de grands groupes, ainsi que des PME et administrations.<br \/>\nRecoveo propose \u00e9galement un service unique en France de r\u00e9cup\u00e9ration des donn\u00e9es \u00e0 l&rsquo;usage exclusif des particuliers via sa division Family, avec des co\u00fbts adapt\u00e9s aux budgets des m\u00e9nages moyennant des d\u00e9lais plus importants.<\/p>\n<h2 class=\"titre2\">Processus<\/h2>\n<p>D\u00e8s prise en charge de votre demande, un devis pr\u00e9liminaire vous est transmis ainsi qu&rsquo;un document vous permettant de d\u00e9crire les sympt\u00f4mes de la panne et de d\u00e9finir les fichiers prioritaires.A r\u00e9ception de votre support, une \u00e9quipe technique effectue un pr\u00e9-diagnostic pour confirmer la panne, suivi d&rsquo;un diagnostic approfondi de votre disque dur. Il vous est fourni une liste d\u00e9taill\u00e9e des dossiers et fichiers r\u00e9cup\u00e9rables gr\u00e2ce \u00e0 un logiciel d\u00e9velopp\u00e9 sp\u00e9cifiquement par Recoveo, Datamap, qui permet de visualiser l&rsquo;arborescence en mode explorateur Windows. Un devis d\u00e9finitif adapt\u00e9 au type de panne ainsi qu&rsquo;au degr\u00e9 d&rsquo;urgence vous est alors transmis, sans engagement.Vous pouvez alors prendre en pleine connaissance de cause votre d\u00e9cision d&rsquo;engager ou non les frais li\u00e9s \u00e0 la phase de r\u00e9cup\u00e9ration proprement dite.Nos techniciens effectuent la r\u00e9cup\u00e9ration des fichiers endommag\u00e9s ou inaccessibles sur les pannes non physiques.Pour les r\u00e9cup\u00e9rations les plus d\u00e9licates, votre disque sera pris en charge par Recoveo. Pour toutes les situations o\u00f9 votre mat\u00e9riel est physiquement endommag\u00e9, notre partenaire offre un service de r\u00e9cup\u00e9ration en laboratoire au sein de salles blanches dont il dispose en interne. Il traite notamment les cas de perte de donn\u00e9es complexes, notamment lorsque le mat\u00e9riel ne fonctionne plus et\/ou est endommag\u00e9. (crash t\u00eate de lecture, moteur bloqu\u00e9, dommage par le feu, inondation&#8230;).<\/p>\n<h2 class=\"titre2\">D\u00e9lai d&rsquo;intervention record et efficacit\u00e9 maximum<\/h2>\n<p>La plupart des op\u00e9rations de r\u00e9cup\u00e9ration de donn\u00e9es sont ex\u00e9cut\u00e9es en moins de trois jours pour les professionnels En stock, la soci\u00e9t\u00e9 dispose de 20 000 disques durs pour pi\u00e8ces d\u00e9tach\u00e9es, ce qui lui conf\u00e8re une r\u00e9activit\u00e9 souvent cruciale.Tout au long du processus de r\u00e9cup\u00e9ration, notre service vous tient inform\u00e9 des progr\u00e8s et reste disponible pour r\u00e9pondre \u00e0 vos questions.Avec plusieurs ann\u00e9es d&rsquo;exp\u00e9rience, Recoveo propose des solutions pour toutes les situations de pertes de donn\u00e9es, que ce soit pour un disque dur endommag\u00e9, un crash serveur, une bande magn\u00e9tique cass\u00e9e ou des photos perdues sur une carte m\u00e9moire (sd card, memory stick, smartmedia&#8230;). Ses laboratoires sont capables de r\u00e9cup\u00e9rer des donn\u00e9es, quelle que soit la technologie utilis\u00e9e : SCSI, IDE, SATA, SAS&#8230;Pour plus d&rsquo;informations : <a href=\"http:\/\/www.recoveo.com\">www.recoveo.com<\/a><\/p>\n<\/div>\n<div><img decoding=\"async\" class=\"aligncenter\" src=\"http:\/\/www.recoveo.com\/images\/divers\/logo_recoveo.jpg\" alt=\"Logo soci\u00e9t\u00e9 Recoveo\" \/><\/div>\n","protected":false},"excerpt":{"rendered":"<p>Nos services de r\u00e9cup\u00e9ration de donn\u00e9es sur Paris Votre disque dur a plant\u00e9 ? Vous avez perdu des informations pr\u00e9cieuses contenues sur une clef ou un support amovible ? Ne paniquez pas ! Dans 99% des cas, la r\u00e9cup\u00e9ration de donn\u00e9es perdues est encore possible, ceci par l\u2019interm\u00e9diaire de soci\u00e9t\u00e9s sp\u00e9cialis\u00e9es. MV SYSTEMES est partenaire &hellip; <\/p>\n<p class=\"link-more\"><a href=\"https:\/\/mv-systemes.fr\/index.php\/recuperation-de-donnees\/\" class=\"more-link\">Continuer la lecture<span class=\"screen-reader-text\"> de &laquo;&nbsp;La r\u00e9cup\u00e9ration de Donn\u00e9es&nbsp;&raquo;<\/span><\/a><\/p>\n","protected":false},"author":1,"featured_media":267,"parent":0,"menu_order":0,"comment_status":"closed","ping_status":"closed","template":"","meta":{"_exactmetrics_skip_tracking":false,"_exactmetrics_sitenote_active":false,"_exactmetrics_sitenote_note":"","_exactmetrics_sitenote_category":0,"footnotes":""},"class_list":["post-131","page","type-page","status-publish","has-post-thumbnail","hentry"],"yoast_head":"<!-- This site is optimized with the Yoast SEO plugin v27.4 - https:\/\/yoast.com\/product\/yoast-seo-wordpress\/ -->\n<title>La r\u00e9cup\u00e9ration de Donn\u00e9es - MV SYSTEMES<\/title>\n<meta name=\"robots\" content=\"index, follow, max-snippet:-1, max-image-preview:large, max-video-preview:-1\" \/>\n<link rel=\"canonical\" href=\"https:\/\/mv-systemes.fr\/index.php\/recuperation-de-donnees\/\" \/>\n<meta property=\"og:locale\" content=\"fr_FR\" \/>\n<meta property=\"og:type\" content=\"article\" \/>\n<meta property=\"og:title\" content=\"La r\u00e9cup\u00e9ration de Donn\u00e9es - MV SYSTEMES\" \/>\n<meta property=\"og:description\" content=\"Nos services de r\u00e9cup\u00e9ration de donn\u00e9es sur Paris Votre disque dur a plant\u00e9 ? Vous avez perdu des informations pr\u00e9cieuses contenues sur une clef ou un support amovible ? Ne paniquez pas ! Dans 99% des cas, la r\u00e9cup\u00e9ration de donn\u00e9es perdues est encore possible, ceci par l\u2019interm\u00e9diaire de soci\u00e9t\u00e9s sp\u00e9cialis\u00e9es. MV SYSTEMES est partenaire &hellip; Continuer la lecture de &laquo;&nbsp;La r\u00e9cup\u00e9ration de Donn\u00e9es&nbsp;&raquo;\" \/>\n<meta property=\"og:url\" content=\"https:\/\/mv-systemes.fr\/index.php\/recuperation-de-donnees\/\" \/>\n<meta property=\"og:site_name\" content=\"MV SYSTEMES\" \/>\n<meta property=\"article:publisher\" content=\"https:\/\/www.facebook.com\/pg\/MVSYSTEMES\/posts\/\" \/>\n<meta property=\"article:modified_time\" content=\"2017-06-10T05:03:58+00:00\" \/>\n<meta property=\"og:image\" content=\"https:\/\/mv-systemes.fr\/wp-content\/uploads\/2017\/06\/02786722-photo-mikko-pitkanen-fotolia-com-disque-dur.jpg\" \/>\n\t<meta property=\"og:image:width\" content=\"800\" \/>\n\t<meta property=\"og:image:height\" content=\"533\" \/>\n\t<meta property=\"og:image:type\" content=\"image\/jpeg\" \/>\n<meta name=\"twitter:card\" content=\"summary_large_image\" \/>\n<meta name=\"twitter:label1\" content=\"Dur\u00e9e de lecture estim\u00e9e\" \/>\n\t<meta name=\"twitter:data1\" content=\"4 minutes\" \/>\n<script type=\"application\/ld+json\" class=\"yoast-schema-graph\">{\"@context\":\"https:\\\/\\\/schema.org\",\"@graph\":[{\"@type\":\"WebPage\",\"@id\":\"https:\\\/\\\/mv-systemes.fr\\\/index.php\\\/recuperation-de-donnees\\\/\",\"url\":\"https:\\\/\\\/mv-systemes.fr\\\/index.php\\\/recuperation-de-donnees\\\/\",\"name\":\"La r\u00e9cup\u00e9ration de Donn\u00e9es - MV SYSTEMES\",\"isPartOf\":{\"@id\":\"https:\\\/\\\/mv-systemes.fr\\\/#website\"},\"primaryImageOfPage\":{\"@id\":\"https:\\\/\\\/mv-systemes.fr\\\/index.php\\\/recuperation-de-donnees\\\/#primaryimage\"},\"image\":{\"@id\":\"https:\\\/\\\/mv-systemes.fr\\\/index.php\\\/recuperation-de-donnees\\\/#primaryimage\"},\"thumbnailUrl\":\"https:\\\/\\\/mv-systemes.fr\\\/wp-content\\\/uploads\\\/2017\\\/06\\\/02786722-photo-mikko-pitkanen-fotolia-com-disque-dur.jpg\",\"datePublished\":\"2017-04-15T21:19:48+00:00\",\"dateModified\":\"2017-06-10T05:03:58+00:00\",\"breadcrumb\":{\"@id\":\"https:\\\/\\\/mv-systemes.fr\\\/index.php\\\/recuperation-de-donnees\\\/#breadcrumb\"},\"inLanguage\":\"fr-FR\",\"potentialAction\":[{\"@type\":\"ReadAction\",\"target\":[\"https:\\\/\\\/mv-systemes.fr\\\/index.php\\\/recuperation-de-donnees\\\/\"]}]},{\"@type\":\"ImageObject\",\"inLanguage\":\"fr-FR\",\"@id\":\"https:\\\/\\\/mv-systemes.fr\\\/index.php\\\/recuperation-de-donnees\\\/#primaryimage\",\"url\":\"https:\\\/\\\/mv-systemes.fr\\\/wp-content\\\/uploads\\\/2017\\\/06\\\/02786722-photo-mikko-pitkanen-fotolia-com-disque-dur.jpg\",\"contentUrl\":\"https:\\\/\\\/mv-systemes.fr\\\/wp-content\\\/uploads\\\/2017\\\/06\\\/02786722-photo-mikko-pitkanen-fotolia-com-disque-dur.jpg\",\"width\":800,\"height\":533},{\"@type\":\"BreadcrumbList\",\"@id\":\"https:\\\/\\\/mv-systemes.fr\\\/index.php\\\/recuperation-de-donnees\\\/#breadcrumb\",\"itemListElement\":[{\"@type\":\"ListItem\",\"position\":1,\"name\":\"Accueil\",\"item\":\"https:\\\/\\\/mv-systemes.fr\\\/\"},{\"@type\":\"ListItem\",\"position\":2,\"name\":\"La r\u00e9cup\u00e9ration de Donn\u00e9es\"}]},{\"@type\":\"WebSite\",\"@id\":\"https:\\\/\\\/mv-systemes.fr\\\/#website\",\"url\":\"https:\\\/\\\/mv-systemes.fr\\\/\",\"name\":\"MV SYSTEMES\",\"description\":\"Vous simplifie l&#039;Informatique et la Bureautique\",\"publisher\":{\"@id\":\"https:\\\/\\\/mv-systemes.fr\\\/#organization\"},\"potentialAction\":[{\"@type\":\"SearchAction\",\"target\":{\"@type\":\"EntryPoint\",\"urlTemplate\":\"https:\\\/\\\/mv-systemes.fr\\\/?s={search_term_string}\"},\"query-input\":{\"@type\":\"PropertyValueSpecification\",\"valueRequired\":true,\"valueName\":\"search_term_string\"}}],\"inLanguage\":\"fr-FR\"},{\"@type\":\"Organization\",\"@id\":\"https:\\\/\\\/mv-systemes.fr\\\/#organization\",\"name\":\"MV SYSTEMES\",\"url\":\"https:\\\/\\\/mv-systemes.fr\\\/\",\"logo\":{\"@type\":\"ImageObject\",\"inLanguage\":\"fr-FR\",\"@id\":\"https:\\\/\\\/mv-systemes.fr\\\/#\\\/schema\\\/logo\\\/image\\\/\",\"url\":\"https:\\\/\\\/mv-systemes.fr\\\/wp-content\\\/uploads\\\/2017\\\/06\\\/accueil2.jpg\",\"contentUrl\":\"https:\\\/\\\/mv-systemes.fr\\\/wp-content\\\/uploads\\\/2017\\\/06\\\/accueil2.jpg\",\"width\":800,\"height\":480,\"caption\":\"MV SYSTEMES\"},\"image\":{\"@id\":\"https:\\\/\\\/mv-systemes.fr\\\/#\\\/schema\\\/logo\\\/image\\\/\"},\"sameAs\":[\"https:\\\/\\\/www.facebook.com\\\/pg\\\/MVSYSTEMES\\\/posts\\\/\"]}]}<\/script>\n<!-- \/ Yoast SEO plugin. -->","yoast_head_json":{"title":"La r\u00e9cup\u00e9ration de Donn\u00e9es - MV SYSTEMES","robots":{"index":"index","follow":"follow","max-snippet":"max-snippet:-1","max-image-preview":"max-image-preview:large","max-video-preview":"max-video-preview:-1"},"canonical":"https:\/\/mv-systemes.fr\/index.php\/recuperation-de-donnees\/","og_locale":"fr_FR","og_type":"article","og_title":"La r\u00e9cup\u00e9ration de Donn\u00e9es - MV SYSTEMES","og_description":"Nos services de r\u00e9cup\u00e9ration de donn\u00e9es sur Paris Votre disque dur a plant\u00e9 ? Vous avez perdu des informations pr\u00e9cieuses contenues sur une clef ou un support amovible ? Ne paniquez pas ! Dans 99% des cas, la r\u00e9cup\u00e9ration de donn\u00e9es perdues est encore possible, ceci par l\u2019interm\u00e9diaire de soci\u00e9t\u00e9s sp\u00e9cialis\u00e9es. MV SYSTEMES est partenaire &hellip; Continuer la lecture de &laquo;&nbsp;La r\u00e9cup\u00e9ration de Donn\u00e9es&nbsp;&raquo;","og_url":"https:\/\/mv-systemes.fr\/index.php\/recuperation-de-donnees\/","og_site_name":"MV SYSTEMES","article_publisher":"https:\/\/www.facebook.com\/pg\/MVSYSTEMES\/posts\/","article_modified_time":"2017-06-10T05:03:58+00:00","og_image":[{"width":800,"height":533,"url":"https:\/\/mv-systemes.fr\/wp-content\/uploads\/2017\/06\/02786722-photo-mikko-pitkanen-fotolia-com-disque-dur.jpg","type":"image\/jpeg"}],"twitter_card":"summary_large_image","twitter_misc":{"Dur\u00e9e de lecture estim\u00e9e":"4 minutes"},"schema":{"@context":"https:\/\/schema.org","@graph":[{"@type":"WebPage","@id":"https:\/\/mv-systemes.fr\/index.php\/recuperation-de-donnees\/","url":"https:\/\/mv-systemes.fr\/index.php\/recuperation-de-donnees\/","name":"La r\u00e9cup\u00e9ration de Donn\u00e9es - MV SYSTEMES","isPartOf":{"@id":"https:\/\/mv-systemes.fr\/#website"},"primaryImageOfPage":{"@id":"https:\/\/mv-systemes.fr\/index.php\/recuperation-de-donnees\/#primaryimage"},"image":{"@id":"https:\/\/mv-systemes.fr\/index.php\/recuperation-de-donnees\/#primaryimage"},"thumbnailUrl":"https:\/\/mv-systemes.fr\/wp-content\/uploads\/2017\/06\/02786722-photo-mikko-pitkanen-fotolia-com-disque-dur.jpg","datePublished":"2017-04-15T21:19:48+00:00","dateModified":"2017-06-10T05:03:58+00:00","breadcrumb":{"@id":"https:\/\/mv-systemes.fr\/index.php\/recuperation-de-donnees\/#breadcrumb"},"inLanguage":"fr-FR","potentialAction":[{"@type":"ReadAction","target":["https:\/\/mv-systemes.fr\/index.php\/recuperation-de-donnees\/"]}]},{"@type":"ImageObject","inLanguage":"fr-FR","@id":"https:\/\/mv-systemes.fr\/index.php\/recuperation-de-donnees\/#primaryimage","url":"https:\/\/mv-systemes.fr\/wp-content\/uploads\/2017\/06\/02786722-photo-mikko-pitkanen-fotolia-com-disque-dur.jpg","contentUrl":"https:\/\/mv-systemes.fr\/wp-content\/uploads\/2017\/06\/02786722-photo-mikko-pitkanen-fotolia-com-disque-dur.jpg","width":800,"height":533},{"@type":"BreadcrumbList","@id":"https:\/\/mv-systemes.fr\/index.php\/recuperation-de-donnees\/#breadcrumb","itemListElement":[{"@type":"ListItem","position":1,"name":"Accueil","item":"https:\/\/mv-systemes.fr\/"},{"@type":"ListItem","position":2,"name":"La r\u00e9cup\u00e9ration de Donn\u00e9es"}]},{"@type":"WebSite","@id":"https:\/\/mv-systemes.fr\/#website","url":"https:\/\/mv-systemes.fr\/","name":"MV SYSTEMES","description":"Vous simplifie l&#039;Informatique et la Bureautique","publisher":{"@id":"https:\/\/mv-systemes.fr\/#organization"},"potentialAction":[{"@type":"SearchAction","target":{"@type":"EntryPoint","urlTemplate":"https:\/\/mv-systemes.fr\/?s={search_term_string}"},"query-input":{"@type":"PropertyValueSpecification","valueRequired":true,"valueName":"search_term_string"}}],"inLanguage":"fr-FR"},{"@type":"Organization","@id":"https:\/\/mv-systemes.fr\/#organization","name":"MV SYSTEMES","url":"https:\/\/mv-systemes.fr\/","logo":{"@type":"ImageObject","inLanguage":"fr-FR","@id":"https:\/\/mv-systemes.fr\/#\/schema\/logo\/image\/","url":"https:\/\/mv-systemes.fr\/wp-content\/uploads\/2017\/06\/accueil2.jpg","contentUrl":"https:\/\/mv-systemes.fr\/wp-content\/uploads\/2017\/06\/accueil2.jpg","width":800,"height":480,"caption":"MV SYSTEMES"},"image":{"@id":"https:\/\/mv-systemes.fr\/#\/schema\/logo\/image\/"},"sameAs":["https:\/\/www.facebook.com\/pg\/MVSYSTEMES\/posts\/"]}]}},"_links":{"self":[{"href":"https:\/\/mv-systemes.fr\/index.php\/wp-json\/wp\/v2\/pages\/131","targetHints":{"allow":["GET"]}}],"collection":[{"href":"https:\/\/mv-systemes.fr\/index.php\/wp-json\/wp\/v2\/pages"}],"about":[{"href":"https:\/\/mv-systemes.fr\/index.php\/wp-json\/wp\/v2\/types\/page"}],"author":[{"embeddable":true,"href":"https:\/\/mv-systemes.fr\/index.php\/wp-json\/wp\/v2\/users\/1"}],"replies":[{"embeddable":true,"href":"https:\/\/mv-systemes.fr\/index.php\/wp-json\/wp\/v2\/comments?post=131"}],"version-history":[{"count":0,"href":"https:\/\/mv-systemes.fr\/index.php\/wp-json\/wp\/v2\/pages\/131\/revisions"}],"wp:featuredmedia":[{"embeddable":true,"href":"https:\/\/mv-systemes.fr\/index.php\/wp-json\/wp\/v2\/media\/267"}],"wp:attachment":[{"href":"https:\/\/mv-systemes.fr\/index.php\/wp-json\/wp\/v2\/media?parent=131"}],"curies":[{"name":"wp","href":"https:\/\/api.w.org\/{rel}","templated":true}]}}