{"id":142,"date":"2017-04-15T23:54:31","date_gmt":"2017-04-15T21:54:31","guid":{"rendered":"http:\/\/mv-systemes.fr\/?page_id=142"},"modified":"2017-06-10T07:03:27","modified_gmt":"2017-06-10T05:03:27","slug":"intervention-sur-site-ou-a-distance","status":"publish","type":"page","link":"https:\/\/mv-systemes.fr\/index.php\/intervention-sur-site-ou-a-distance\/","title":{"rendered":"Intervention sur site ou \u00e0 distance"},"content":{"rendered":"<p>Mes services de d\u00e9pannage et assistance informatique ont \u00e9t\u00e9 mis en place afin de r\u00e9pondre \u00e0 la demande de support technique des professionnels.\u00a0En effet, les syst\u00e8mes informatiques en milieu professionnels sont devenus, au fil des ann\u00e9es, des outils indispensables, tant pour les services de gestion et de comptabilit\u00e9 que pour les services li\u00e9s \u00e0 la production. L\u2019entretien de votre syst\u00e8me informatique est donc un point primordial, ceci afin que celui-ci soit toujours pr\u00eat \u00e0 fonctionner, quelle que soit la situation.<br \/>\nJe peux intervenir afin d\u2019assurer la maintenance informatique logiciels ou bien mat\u00e9riels, que ce soit sur Mac\u00a0ou sur PC, l\u2019assistance informatique aupr\u00e8s des utilisateurs, ou bien encore le d\u00e9pannage de vos syst\u00e8mes d&rsquo;informations. Je peux \u00e9galement intervenir sur votre r\u00e9seau, votre t\u00e9l\u00e9phonie, votre syst\u00e8me de vid\u00e9osurveillance, de vos t\u00e9l\u00e9phones (iPhone et Android), votre serveur&#8230;<\/p>\n<p>Je peux \u00e9galement intervenir afin de diagnostiquer des probl\u00e8mes li\u00e9s aux virus ou aux probl\u00e8mes de s\u00e9curit\u00e9. Je travaille principalement avec l\u2019\u00e9diteur d\u2019antivirus <b><a href=\"https:\/\/www.kaspersky.fr\/\">Kaspersky<\/a>\u00a0<\/b>afin de s\u00e9curiser vos syst\u00e8mes informatiques.<\/p>\n<p>L\u2019entretien de votre parc informatique passe \u00e9galement par la mise \u00e0 jour de vos syst\u00e8mes d\u2019exploitation (l\u2019absence de mises \u00e0 jour est une source importante de contamination par virus informatique), ainsi que le contr\u00f4le des\u00a0<a href=\"http:\/\/mv-systemes.fr\/index.php\/sauvegarde-et-plan-de-reprise-dactivite\/\"><strong>sauvegardes<\/strong><\/a>\u00a0ou bien encore le nettoyage logiciel de vos syst\u00e8mes afin de rendre ceux-ci plus rapide et plus r\u00e9actifs lorsque vous les sollicitez.<\/p>\n<p>Mes prestations de maintenance, de d\u00e9pannage ou d\u2019assistance informatique peuvent \u00eatre ponctuelles ou bas\u00e9es sur des forfaits\u00a0de maintenance adapt\u00e9s \u00e0 la taille et \u00e0 la structure de votre entreprise. Ces forfaits\u00a0ne sont pas contraignants, puisqu\u2019ils sont bas\u00e9s sur un nombre d\u2019heures de maintenance r\u00e9alis\u00e9es.<\/p>\n<p>Vous l\u2019aurez compris, l\u2019entretien de votre parc informatique ou de votre r\u00e9seau est un facteur cl\u00e9 afin de garder votre syst\u00e8me d&rsquo;information\u00a0en bon \u00e9tat et anticiper les probl\u00e8mes pouvant intervenir sur celui-ci.<\/p>\n<p>N\u2019h\u00e9sitez pas \u00e0\u00a0<a href=\"http:\/\/mv-systemes.fr\/index.php\/contact\/\"><strong>me contacter<\/strong><\/a>\u00a0pour plus de pr\u00e9cisions sur mes offres de services.<\/p>\n<p>Si vous souhaitez une assistance \u00e0 distance veuillez cliquer sur le logo TeamViewer :<br \/>\n<a style=\"text-decoration: none;\" href=\"http:\/\/get.teamviewer.com\/mvsystemes\"><br \/>\n<img loading=\"lazy\" decoding=\"async\" title=\"T\u00e9l\u00e9charger TeamViewer\" src=\"http:\/\/www.teamviewer.com\/link\/?url=183480&amp;id=1527285389\" alt=\"T\u00e9l\u00e9charger TeamViewer\" width=\"200\" height=\"125\" border=\"0\" \/><\/p>\n<p><\/a><\/p>\n","protected":false},"excerpt":{"rendered":"<p>Mes services de d\u00e9pannage et assistance informatique ont \u00e9t\u00e9 mis en place afin de r\u00e9pondre \u00e0 la demande de support technique des professionnels.\u00a0En effet, les syst\u00e8mes informatiques en milieu professionnels sont devenus, au fil des ann\u00e9es, des outils indispensables, tant pour les services de gestion et de comptabilit\u00e9 que pour les services li\u00e9s \u00e0 la &hellip; <\/p>\n<p class=\"link-more\"><a href=\"https:\/\/mv-systemes.fr\/index.php\/intervention-sur-site-ou-a-distance\/\" class=\"more-link\">Continuer la lecture<span class=\"screen-reader-text\"> de &laquo;&nbsp;Intervention sur site ou \u00e0 distance&nbsp;&raquo;<\/span><\/a><\/p>\n","protected":false},"author":1,"featured_media":279,"parent":0,"menu_order":0,"comment_status":"closed","ping_status":"closed","template":"","meta":{"_exactmetrics_skip_tracking":false,"_exactmetrics_sitenote_active":false,"_exactmetrics_sitenote_note":"","_exactmetrics_sitenote_category":0,"footnotes":""},"class_list":["post-142","page","type-page","status-publish","has-post-thumbnail","hentry"],"yoast_head":"<!-- This site is optimized with the Yoast SEO plugin v27.6 - https:\/\/yoast.com\/product\/yoast-seo-wordpress\/ -->\n<title>Intervention sur site ou \u00e0 distance - MV SYSTEMES<\/title>\n<meta name=\"robots\" content=\"index, follow, max-snippet:-1, max-image-preview:large, max-video-preview:-1\" \/>\n<link rel=\"canonical\" href=\"https:\/\/mv-systemes.fr\/index.php\/intervention-sur-site-ou-a-distance\/\" \/>\n<meta property=\"og:locale\" content=\"fr_FR\" \/>\n<meta property=\"og:type\" content=\"article\" \/>\n<meta property=\"og:title\" content=\"Intervention sur site ou \u00e0 distance - MV SYSTEMES\" \/>\n<meta property=\"og:description\" content=\"Mes services de d\u00e9pannage et assistance informatique ont \u00e9t\u00e9 mis en place afin de r\u00e9pondre \u00e0 la demande de support technique des professionnels.\u00a0En effet, les syst\u00e8mes informatiques en milieu professionnels sont devenus, au fil des ann\u00e9es, des outils indispensables, tant pour les services de gestion et de comptabilit\u00e9 que pour les services li\u00e9s \u00e0 la &hellip; Continuer la lecture de &laquo;&nbsp;Intervention sur site ou \u00e0 distance&nbsp;&raquo;\" \/>\n<meta property=\"og:url\" content=\"https:\/\/mv-systemes.fr\/index.php\/intervention-sur-site-ou-a-distance\/\" \/>\n<meta property=\"og:site_name\" content=\"MV SYSTEMES\" \/>\n<meta property=\"article:publisher\" content=\"https:\/\/www.facebook.com\/pg\/MVSYSTEMES\/posts\/\" \/>\n<meta property=\"article:modified_time\" content=\"2017-06-10T05:03:27+00:00\" \/>\n<meta property=\"og:image\" content=\"https:\/\/mv-systemes.fr\/wp-content\/uploads\/2017\/06\/Portrait-du-technicien-de-maintenance-informatique-1.jpg\" \/>\n\t<meta property=\"og:image:width\" content=\"800\" \/>\n\t<meta property=\"og:image:height\" content=\"530\" \/>\n\t<meta property=\"og:image:type\" content=\"image\/jpeg\" \/>\n<meta name=\"twitter:card\" content=\"summary_large_image\" \/>\n<meta name=\"twitter:label1\" content=\"Dur\u00e9e de lecture estim\u00e9e\" \/>\n\t<meta name=\"twitter:data1\" content=\"2 minutes\" \/>\n<script type=\"application\/ld+json\" class=\"yoast-schema-graph\">{\"@context\":\"https:\\\/\\\/schema.org\",\"@graph\":[{\"@type\":\"WebPage\",\"@id\":\"https:\\\/\\\/mv-systemes.fr\\\/index.php\\\/intervention-sur-site-ou-a-distance\\\/\",\"url\":\"https:\\\/\\\/mv-systemes.fr\\\/index.php\\\/intervention-sur-site-ou-a-distance\\\/\",\"name\":\"Intervention sur site ou \u00e0 distance - MV SYSTEMES\",\"isPartOf\":{\"@id\":\"https:\\\/\\\/mv-systemes.fr\\\/#website\"},\"primaryImageOfPage\":{\"@id\":\"https:\\\/\\\/mv-systemes.fr\\\/index.php\\\/intervention-sur-site-ou-a-distance\\\/#primaryimage\"},\"image\":{\"@id\":\"https:\\\/\\\/mv-systemes.fr\\\/index.php\\\/intervention-sur-site-ou-a-distance\\\/#primaryimage\"},\"thumbnailUrl\":\"https:\\\/\\\/mv-systemes.fr\\\/wp-content\\\/uploads\\\/2017\\\/06\\\/Portrait-du-technicien-de-maintenance-informatique-1.jpg\",\"datePublished\":\"2017-04-15T21:54:31+00:00\",\"dateModified\":\"2017-06-10T05:03:27+00:00\",\"breadcrumb\":{\"@id\":\"https:\\\/\\\/mv-systemes.fr\\\/index.php\\\/intervention-sur-site-ou-a-distance\\\/#breadcrumb\"},\"inLanguage\":\"fr-FR\",\"potentialAction\":[{\"@type\":\"ReadAction\",\"target\":[\"https:\\\/\\\/mv-systemes.fr\\\/index.php\\\/intervention-sur-site-ou-a-distance\\\/\"]}]},{\"@type\":\"ImageObject\",\"inLanguage\":\"fr-FR\",\"@id\":\"https:\\\/\\\/mv-systemes.fr\\\/index.php\\\/intervention-sur-site-ou-a-distance\\\/#primaryimage\",\"url\":\"https:\\\/\\\/mv-systemes.fr\\\/wp-content\\\/uploads\\\/2017\\\/06\\\/Portrait-du-technicien-de-maintenance-informatique-1.jpg\",\"contentUrl\":\"https:\\\/\\\/mv-systemes.fr\\\/wp-content\\\/uploads\\\/2017\\\/06\\\/Portrait-du-technicien-de-maintenance-informatique-1.jpg\",\"width\":800,\"height\":530},{\"@type\":\"BreadcrumbList\",\"@id\":\"https:\\\/\\\/mv-systemes.fr\\\/index.php\\\/intervention-sur-site-ou-a-distance\\\/#breadcrumb\",\"itemListElement\":[{\"@type\":\"ListItem\",\"position\":1,\"name\":\"Accueil\",\"item\":\"https:\\\/\\\/mv-systemes.fr\\\/\"},{\"@type\":\"ListItem\",\"position\":2,\"name\":\"Intervention sur site ou \u00e0 distance\"}]},{\"@type\":\"WebSite\",\"@id\":\"https:\\\/\\\/mv-systemes.fr\\\/#website\",\"url\":\"https:\\\/\\\/mv-systemes.fr\\\/\",\"name\":\"MV SYSTEMES\",\"description\":\"Vous simplifie l&#039;Informatique et la Bureautique\",\"publisher\":{\"@id\":\"https:\\\/\\\/mv-systemes.fr\\\/#organization\"},\"potentialAction\":[{\"@type\":\"SearchAction\",\"target\":{\"@type\":\"EntryPoint\",\"urlTemplate\":\"https:\\\/\\\/mv-systemes.fr\\\/?s={search_term_string}\"},\"query-input\":{\"@type\":\"PropertyValueSpecification\",\"valueRequired\":true,\"valueName\":\"search_term_string\"}}],\"inLanguage\":\"fr-FR\"},{\"@type\":\"Organization\",\"@id\":\"https:\\\/\\\/mv-systemes.fr\\\/#organization\",\"name\":\"MV SYSTEMES\",\"url\":\"https:\\\/\\\/mv-systemes.fr\\\/\",\"logo\":{\"@type\":\"ImageObject\",\"inLanguage\":\"fr-FR\",\"@id\":\"https:\\\/\\\/mv-systemes.fr\\\/#\\\/schema\\\/logo\\\/image\\\/\",\"url\":\"https:\\\/\\\/mv-systemes.fr\\\/wp-content\\\/uploads\\\/2017\\\/06\\\/accueil2.jpg\",\"contentUrl\":\"https:\\\/\\\/mv-systemes.fr\\\/wp-content\\\/uploads\\\/2017\\\/06\\\/accueil2.jpg\",\"width\":800,\"height\":480,\"caption\":\"MV SYSTEMES\"},\"image\":{\"@id\":\"https:\\\/\\\/mv-systemes.fr\\\/#\\\/schema\\\/logo\\\/image\\\/\"},\"sameAs\":[\"https:\\\/\\\/www.facebook.com\\\/pg\\\/MVSYSTEMES\\\/posts\\\/\"]}]}<\/script>\n<!-- \/ Yoast SEO plugin. -->","yoast_head_json":{"title":"Intervention sur site ou \u00e0 distance - MV SYSTEMES","robots":{"index":"index","follow":"follow","max-snippet":"max-snippet:-1","max-image-preview":"max-image-preview:large","max-video-preview":"max-video-preview:-1"},"canonical":"https:\/\/mv-systemes.fr\/index.php\/intervention-sur-site-ou-a-distance\/","og_locale":"fr_FR","og_type":"article","og_title":"Intervention sur site ou \u00e0 distance - MV SYSTEMES","og_description":"Mes services de d\u00e9pannage et assistance informatique ont \u00e9t\u00e9 mis en place afin de r\u00e9pondre \u00e0 la demande de support technique des professionnels.\u00a0En effet, les syst\u00e8mes informatiques en milieu professionnels sont devenus, au fil des ann\u00e9es, des outils indispensables, tant pour les services de gestion et de comptabilit\u00e9 que pour les services li\u00e9s \u00e0 la &hellip; Continuer la lecture de &laquo;&nbsp;Intervention sur site ou \u00e0 distance&nbsp;&raquo;","og_url":"https:\/\/mv-systemes.fr\/index.php\/intervention-sur-site-ou-a-distance\/","og_site_name":"MV SYSTEMES","article_publisher":"https:\/\/www.facebook.com\/pg\/MVSYSTEMES\/posts\/","article_modified_time":"2017-06-10T05:03:27+00:00","og_image":[{"width":800,"height":530,"url":"https:\/\/mv-systemes.fr\/wp-content\/uploads\/2017\/06\/Portrait-du-technicien-de-maintenance-informatique-1.jpg","type":"image\/jpeg"}],"twitter_card":"summary_large_image","twitter_misc":{"Dur\u00e9e de lecture estim\u00e9e":"2 minutes"},"schema":{"@context":"https:\/\/schema.org","@graph":[{"@type":"WebPage","@id":"https:\/\/mv-systemes.fr\/index.php\/intervention-sur-site-ou-a-distance\/","url":"https:\/\/mv-systemes.fr\/index.php\/intervention-sur-site-ou-a-distance\/","name":"Intervention sur site ou \u00e0 distance - MV SYSTEMES","isPartOf":{"@id":"https:\/\/mv-systemes.fr\/#website"},"primaryImageOfPage":{"@id":"https:\/\/mv-systemes.fr\/index.php\/intervention-sur-site-ou-a-distance\/#primaryimage"},"image":{"@id":"https:\/\/mv-systemes.fr\/index.php\/intervention-sur-site-ou-a-distance\/#primaryimage"},"thumbnailUrl":"https:\/\/mv-systemes.fr\/wp-content\/uploads\/2017\/06\/Portrait-du-technicien-de-maintenance-informatique-1.jpg","datePublished":"2017-04-15T21:54:31+00:00","dateModified":"2017-06-10T05:03:27+00:00","breadcrumb":{"@id":"https:\/\/mv-systemes.fr\/index.php\/intervention-sur-site-ou-a-distance\/#breadcrumb"},"inLanguage":"fr-FR","potentialAction":[{"@type":"ReadAction","target":["https:\/\/mv-systemes.fr\/index.php\/intervention-sur-site-ou-a-distance\/"]}]},{"@type":"ImageObject","inLanguage":"fr-FR","@id":"https:\/\/mv-systemes.fr\/index.php\/intervention-sur-site-ou-a-distance\/#primaryimage","url":"https:\/\/mv-systemes.fr\/wp-content\/uploads\/2017\/06\/Portrait-du-technicien-de-maintenance-informatique-1.jpg","contentUrl":"https:\/\/mv-systemes.fr\/wp-content\/uploads\/2017\/06\/Portrait-du-technicien-de-maintenance-informatique-1.jpg","width":800,"height":530},{"@type":"BreadcrumbList","@id":"https:\/\/mv-systemes.fr\/index.php\/intervention-sur-site-ou-a-distance\/#breadcrumb","itemListElement":[{"@type":"ListItem","position":1,"name":"Accueil","item":"https:\/\/mv-systemes.fr\/"},{"@type":"ListItem","position":2,"name":"Intervention sur site ou \u00e0 distance"}]},{"@type":"WebSite","@id":"https:\/\/mv-systemes.fr\/#website","url":"https:\/\/mv-systemes.fr\/","name":"MV SYSTEMES","description":"Vous simplifie l&#039;Informatique et la Bureautique","publisher":{"@id":"https:\/\/mv-systemes.fr\/#organization"},"potentialAction":[{"@type":"SearchAction","target":{"@type":"EntryPoint","urlTemplate":"https:\/\/mv-systemes.fr\/?s={search_term_string}"},"query-input":{"@type":"PropertyValueSpecification","valueRequired":true,"valueName":"search_term_string"}}],"inLanguage":"fr-FR"},{"@type":"Organization","@id":"https:\/\/mv-systemes.fr\/#organization","name":"MV SYSTEMES","url":"https:\/\/mv-systemes.fr\/","logo":{"@type":"ImageObject","inLanguage":"fr-FR","@id":"https:\/\/mv-systemes.fr\/#\/schema\/logo\/image\/","url":"https:\/\/mv-systemes.fr\/wp-content\/uploads\/2017\/06\/accueil2.jpg","contentUrl":"https:\/\/mv-systemes.fr\/wp-content\/uploads\/2017\/06\/accueil2.jpg","width":800,"height":480,"caption":"MV SYSTEMES"},"image":{"@id":"https:\/\/mv-systemes.fr\/#\/schema\/logo\/image\/"},"sameAs":["https:\/\/www.facebook.com\/pg\/MVSYSTEMES\/posts\/"]}]}},"_links":{"self":[{"href":"https:\/\/mv-systemes.fr\/index.php\/wp-json\/wp\/v2\/pages\/142","targetHints":{"allow":["GET"]}}],"collection":[{"href":"https:\/\/mv-systemes.fr\/index.php\/wp-json\/wp\/v2\/pages"}],"about":[{"href":"https:\/\/mv-systemes.fr\/index.php\/wp-json\/wp\/v2\/types\/page"}],"author":[{"embeddable":true,"href":"https:\/\/mv-systemes.fr\/index.php\/wp-json\/wp\/v2\/users\/1"}],"replies":[{"embeddable":true,"href":"https:\/\/mv-systemes.fr\/index.php\/wp-json\/wp\/v2\/comments?post=142"}],"version-history":[{"count":0,"href":"https:\/\/mv-systemes.fr\/index.php\/wp-json\/wp\/v2\/pages\/142\/revisions"}],"wp:featuredmedia":[{"embeddable":true,"href":"https:\/\/mv-systemes.fr\/index.php\/wp-json\/wp\/v2\/media\/279"}],"wp:attachment":[{"href":"https:\/\/mv-systemes.fr\/index.php\/wp-json\/wp\/v2\/media?parent=142"}],"curies":[{"name":"wp","href":"https:\/\/api.w.org\/{rel}","templated":true}]}}