{"id":159,"date":"2017-04-17T23:24:45","date_gmt":"2017-04-17T21:24:45","guid":{"rendered":"http:\/\/mv-systemes.fr\/?page_id=159"},"modified":"2017-04-18T09:15:44","modified_gmt":"2017-04-18T07:15:44","slug":"vente-location-et-maintenance-de-photocopieur-et-imprimante","status":"publish","type":"page","link":"https:\/\/mv-systemes.fr\/index.php\/vente-location-et-maintenance-de-photocopieur-et-imprimante\/","title":{"rendered":"Vente, location et maintenance de photocopieur et d&rsquo;imprimante"},"content":{"rendered":"<h2 style=\"text-align: center;\">L&rsquo;agilit\u00e9\u00a0et la\u00a0performance\u00a0de votre entreprise n\u00e9cessitent un\u00a0syst\u00e8me d&rsquo;impression\u00a0adapt\u00e9<\/h2>\n<p>Faire le choix d\u2019un partenaire de proximit\u00e9 ind\u00e9pendant de toute marque.\u00a0MV SYSTEMES d\u00e9tient la <strong>double comp\u00e9tence Bureautique et Informatique<\/strong>\u00a0nous permettant d\u2019analyser tous les flux documentaires et d\u2019information dans l\u2019entreprise.<\/p>\n<h2 style=\"text-align: center;\">Capital Confiance<\/h2>\n<p>Notre objectif est que vous ne soyez plus submerg\u00e9 par ce flot quotidien de donn\u00e9es, en rendant plus efficace l&rsquo;ensemble des outils de votre syst\u00e8me d&rsquo;information (copieurs, imprimantes, scanners, ordinateurs, r\u00e9seaux, s\u00e9curit\u00e9, internet, &#8230;)<\/p>\n<h2 style=\"text-align: center;\">Audit<\/h2>\n<ul>\n<li style=\"text-align: left;\">R\u00e9alisation d&rsquo;un audit complet et pr\u00e9cis de votre bureautique<\/li>\n<li style=\"text-align: left;\">Prise en compte de vos contraintes m\u00e9tiers et de vos structures<\/li>\n<li style=\"text-align: left;\">Analyse de: \u00a0Vos accords actuels et de vos contrats, Evaluation de vos volumes trait\u00e9s,<\/li>\n<li style=\"text-align: left;\">\u00a0Vos d\u00e9penses li\u00e9es\u00a0\u00e0 votre parc d&rsquo;impressions<\/li>\n<li style=\"text-align: left;\">Vos\u00a0besoins techniques et financiers,<\/li>\n<\/ul>\n","protected":false},"excerpt":{"rendered":"<p>L&rsquo;agilit\u00e9\u00a0et la\u00a0performance\u00a0de votre entreprise n\u00e9cessitent un\u00a0syst\u00e8me d&rsquo;impression\u00a0adapt\u00e9 Faire le choix d\u2019un partenaire de proximit\u00e9 ind\u00e9pendant de toute marque.\u00a0MV SYSTEMES d\u00e9tient la double comp\u00e9tence Bureautique et Informatique\u00a0nous permettant d\u2019analyser tous les flux documentaires et d\u2019information dans l\u2019entreprise. Capital Confiance Notre objectif est que vous ne soyez plus submerg\u00e9 par ce flot quotidien de donn\u00e9es, en rendant &hellip; <\/p>\n<p class=\"link-more\"><a href=\"https:\/\/mv-systemes.fr\/index.php\/vente-location-et-maintenance-de-photocopieur-et-imprimante\/\" class=\"more-link\">Continuer la lecture<span class=\"screen-reader-text\"> de &laquo;&nbsp;Vente, location et maintenance de photocopieur et d&rsquo;imprimante&nbsp;&raquo;<\/span><\/a><\/p>\n","protected":false},"author":1,"featured_media":177,"parent":0,"menu_order":0,"comment_status":"closed","ping_status":"closed","template":"","meta":{"_exactmetrics_skip_tracking":false,"_exactmetrics_sitenote_active":false,"_exactmetrics_sitenote_note":"","_exactmetrics_sitenote_category":0,"footnotes":""},"class_list":["post-159","page","type-page","status-publish","has-post-thumbnail","hentry"],"yoast_head":"<!-- This site is optimized with the Yoast SEO plugin v27.5 - https:\/\/yoast.com\/product\/yoast-seo-wordpress\/ -->\n<title>Vente, location et maintenance de photocopieur et d&#039;imprimante - MV SYSTEMES<\/title>\n<meta name=\"robots\" content=\"index, follow, max-snippet:-1, max-image-preview:large, max-video-preview:-1\" \/>\n<link rel=\"canonical\" href=\"https:\/\/mv-systemes.fr\/index.php\/vente-location-et-maintenance-de-photocopieur-et-imprimante\/\" \/>\n<meta property=\"og:locale\" content=\"fr_FR\" \/>\n<meta property=\"og:type\" content=\"article\" \/>\n<meta property=\"og:title\" content=\"Vente, location et maintenance de photocopieur et d&#039;imprimante - MV SYSTEMES\" \/>\n<meta property=\"og:description\" content=\"L&rsquo;agilit\u00e9\u00a0et la\u00a0performance\u00a0de votre entreprise n\u00e9cessitent un\u00a0syst\u00e8me d&rsquo;impression\u00a0adapt\u00e9 Faire le choix d\u2019un partenaire de proximit\u00e9 ind\u00e9pendant de toute marque.\u00a0MV SYSTEMES d\u00e9tient la double comp\u00e9tence Bureautique et Informatique\u00a0nous permettant d\u2019analyser tous les flux documentaires et d\u2019information dans l\u2019entreprise. Capital Confiance Notre objectif est que vous ne soyez plus submerg\u00e9 par ce flot quotidien de donn\u00e9es, en rendant &hellip; Continuer la lecture de &laquo;&nbsp;Vente, location et maintenance de photocopieur et d&rsquo;imprimante&nbsp;&raquo;\" \/>\n<meta property=\"og:url\" content=\"https:\/\/mv-systemes.fr\/index.php\/vente-location-et-maintenance-de-photocopieur-et-imprimante\/\" \/>\n<meta property=\"og:site_name\" content=\"MV SYSTEMES\" \/>\n<meta property=\"article:publisher\" content=\"https:\/\/www.facebook.com\/pg\/MVSYSTEMES\/posts\/\" \/>\n<meta property=\"article:modified_time\" content=\"2017-04-18T07:15:44+00:00\" \/>\n<meta property=\"og:image\" content=\"https:\/\/mv-systemes.fr\/wp-content\/uploads\/2017\/04\/VersaLink_B7035_UI.jpg\" \/>\n\t<meta property=\"og:image:width\" content=\"1500\" \/>\n\t<meta property=\"og:image:height\" content=\"1200\" \/>\n\t<meta property=\"og:image:type\" content=\"image\/jpeg\" \/>\n<meta name=\"twitter:card\" content=\"summary_large_image\" \/>\n<meta name=\"twitter:label1\" content=\"Dur\u00e9e de lecture estim\u00e9e\" \/>\n\t<meta name=\"twitter:data1\" content=\"1 minute\" \/>\n<script type=\"application\/ld+json\" class=\"yoast-schema-graph\">{\"@context\":\"https:\\\/\\\/schema.org\",\"@graph\":[{\"@type\":\"WebPage\",\"@id\":\"https:\\\/\\\/mv-systemes.fr\\\/index.php\\\/vente-location-et-maintenance-de-photocopieur-et-imprimante\\\/\",\"url\":\"https:\\\/\\\/mv-systemes.fr\\\/index.php\\\/vente-location-et-maintenance-de-photocopieur-et-imprimante\\\/\",\"name\":\"Vente, location et maintenance de photocopieur et d'imprimante - MV SYSTEMES\",\"isPartOf\":{\"@id\":\"https:\\\/\\\/mv-systemes.fr\\\/#website\"},\"primaryImageOfPage\":{\"@id\":\"https:\\\/\\\/mv-systemes.fr\\\/index.php\\\/vente-location-et-maintenance-de-photocopieur-et-imprimante\\\/#primaryimage\"},\"image\":{\"@id\":\"https:\\\/\\\/mv-systemes.fr\\\/index.php\\\/vente-location-et-maintenance-de-photocopieur-et-imprimante\\\/#primaryimage\"},\"thumbnailUrl\":\"https:\\\/\\\/mv-systemes.fr\\\/wp-content\\\/uploads\\\/2017\\\/04\\\/VersaLink_B7035_UI.jpg\",\"datePublished\":\"2017-04-17T21:24:45+00:00\",\"dateModified\":\"2017-04-18T07:15:44+00:00\",\"breadcrumb\":{\"@id\":\"https:\\\/\\\/mv-systemes.fr\\\/index.php\\\/vente-location-et-maintenance-de-photocopieur-et-imprimante\\\/#breadcrumb\"},\"inLanguage\":\"fr-FR\",\"potentialAction\":[{\"@type\":\"ReadAction\",\"target\":[\"https:\\\/\\\/mv-systemes.fr\\\/index.php\\\/vente-location-et-maintenance-de-photocopieur-et-imprimante\\\/\"]}]},{\"@type\":\"ImageObject\",\"inLanguage\":\"fr-FR\",\"@id\":\"https:\\\/\\\/mv-systemes.fr\\\/index.php\\\/vente-location-et-maintenance-de-photocopieur-et-imprimante\\\/#primaryimage\",\"url\":\"https:\\\/\\\/mv-systemes.fr\\\/wp-content\\\/uploads\\\/2017\\\/04\\\/VersaLink_B7035_UI.jpg\",\"contentUrl\":\"https:\\\/\\\/mv-systemes.fr\\\/wp-content\\\/uploads\\\/2017\\\/04\\\/VersaLink_B7035_UI.jpg\",\"width\":1500,\"height\":1200},{\"@type\":\"BreadcrumbList\",\"@id\":\"https:\\\/\\\/mv-systemes.fr\\\/index.php\\\/vente-location-et-maintenance-de-photocopieur-et-imprimante\\\/#breadcrumb\",\"itemListElement\":[{\"@type\":\"ListItem\",\"position\":1,\"name\":\"Accueil\",\"item\":\"https:\\\/\\\/mv-systemes.fr\\\/\"},{\"@type\":\"ListItem\",\"position\":2,\"name\":\"Vente, location et maintenance de photocopieur et d&rsquo;imprimante\"}]},{\"@type\":\"WebSite\",\"@id\":\"https:\\\/\\\/mv-systemes.fr\\\/#website\",\"url\":\"https:\\\/\\\/mv-systemes.fr\\\/\",\"name\":\"MV SYSTEMES\",\"description\":\"Vous simplifie l&#039;Informatique et la Bureautique\",\"publisher\":{\"@id\":\"https:\\\/\\\/mv-systemes.fr\\\/#organization\"},\"potentialAction\":[{\"@type\":\"SearchAction\",\"target\":{\"@type\":\"EntryPoint\",\"urlTemplate\":\"https:\\\/\\\/mv-systemes.fr\\\/?s={search_term_string}\"},\"query-input\":{\"@type\":\"PropertyValueSpecification\",\"valueRequired\":true,\"valueName\":\"search_term_string\"}}],\"inLanguage\":\"fr-FR\"},{\"@type\":\"Organization\",\"@id\":\"https:\\\/\\\/mv-systemes.fr\\\/#organization\",\"name\":\"MV SYSTEMES\",\"url\":\"https:\\\/\\\/mv-systemes.fr\\\/\",\"logo\":{\"@type\":\"ImageObject\",\"inLanguage\":\"fr-FR\",\"@id\":\"https:\\\/\\\/mv-systemes.fr\\\/#\\\/schema\\\/logo\\\/image\\\/\",\"url\":\"https:\\\/\\\/mv-systemes.fr\\\/wp-content\\\/uploads\\\/2017\\\/06\\\/accueil2.jpg\",\"contentUrl\":\"https:\\\/\\\/mv-systemes.fr\\\/wp-content\\\/uploads\\\/2017\\\/06\\\/accueil2.jpg\",\"width\":800,\"height\":480,\"caption\":\"MV SYSTEMES\"},\"image\":{\"@id\":\"https:\\\/\\\/mv-systemes.fr\\\/#\\\/schema\\\/logo\\\/image\\\/\"},\"sameAs\":[\"https:\\\/\\\/www.facebook.com\\\/pg\\\/MVSYSTEMES\\\/posts\\\/\"]}]}<\/script>\n<!-- \/ Yoast SEO plugin. -->","yoast_head_json":{"title":"Vente, location et maintenance de photocopieur et d'imprimante - MV SYSTEMES","robots":{"index":"index","follow":"follow","max-snippet":"max-snippet:-1","max-image-preview":"max-image-preview:large","max-video-preview":"max-video-preview:-1"},"canonical":"https:\/\/mv-systemes.fr\/index.php\/vente-location-et-maintenance-de-photocopieur-et-imprimante\/","og_locale":"fr_FR","og_type":"article","og_title":"Vente, location et maintenance de photocopieur et d'imprimante - MV SYSTEMES","og_description":"L&rsquo;agilit\u00e9\u00a0et la\u00a0performance\u00a0de votre entreprise n\u00e9cessitent un\u00a0syst\u00e8me d&rsquo;impression\u00a0adapt\u00e9 Faire le choix d\u2019un partenaire de proximit\u00e9 ind\u00e9pendant de toute marque.\u00a0MV SYSTEMES d\u00e9tient la double comp\u00e9tence Bureautique et Informatique\u00a0nous permettant d\u2019analyser tous les flux documentaires et d\u2019information dans l\u2019entreprise. Capital Confiance Notre objectif est que vous ne soyez plus submerg\u00e9 par ce flot quotidien de donn\u00e9es, en rendant &hellip; Continuer la lecture de &laquo;&nbsp;Vente, location et maintenance de photocopieur et d&rsquo;imprimante&nbsp;&raquo;","og_url":"https:\/\/mv-systemes.fr\/index.php\/vente-location-et-maintenance-de-photocopieur-et-imprimante\/","og_site_name":"MV SYSTEMES","article_publisher":"https:\/\/www.facebook.com\/pg\/MVSYSTEMES\/posts\/","article_modified_time":"2017-04-18T07:15:44+00:00","og_image":[{"width":1500,"height":1200,"url":"https:\/\/mv-systemes.fr\/wp-content\/uploads\/2017\/04\/VersaLink_B7035_UI.jpg","type":"image\/jpeg"}],"twitter_card":"summary_large_image","twitter_misc":{"Dur\u00e9e de lecture estim\u00e9e":"1 minute"},"schema":{"@context":"https:\/\/schema.org","@graph":[{"@type":"WebPage","@id":"https:\/\/mv-systemes.fr\/index.php\/vente-location-et-maintenance-de-photocopieur-et-imprimante\/","url":"https:\/\/mv-systemes.fr\/index.php\/vente-location-et-maintenance-de-photocopieur-et-imprimante\/","name":"Vente, location et maintenance de photocopieur et d'imprimante - MV SYSTEMES","isPartOf":{"@id":"https:\/\/mv-systemes.fr\/#website"},"primaryImageOfPage":{"@id":"https:\/\/mv-systemes.fr\/index.php\/vente-location-et-maintenance-de-photocopieur-et-imprimante\/#primaryimage"},"image":{"@id":"https:\/\/mv-systemes.fr\/index.php\/vente-location-et-maintenance-de-photocopieur-et-imprimante\/#primaryimage"},"thumbnailUrl":"https:\/\/mv-systemes.fr\/wp-content\/uploads\/2017\/04\/VersaLink_B7035_UI.jpg","datePublished":"2017-04-17T21:24:45+00:00","dateModified":"2017-04-18T07:15:44+00:00","breadcrumb":{"@id":"https:\/\/mv-systemes.fr\/index.php\/vente-location-et-maintenance-de-photocopieur-et-imprimante\/#breadcrumb"},"inLanguage":"fr-FR","potentialAction":[{"@type":"ReadAction","target":["https:\/\/mv-systemes.fr\/index.php\/vente-location-et-maintenance-de-photocopieur-et-imprimante\/"]}]},{"@type":"ImageObject","inLanguage":"fr-FR","@id":"https:\/\/mv-systemes.fr\/index.php\/vente-location-et-maintenance-de-photocopieur-et-imprimante\/#primaryimage","url":"https:\/\/mv-systemes.fr\/wp-content\/uploads\/2017\/04\/VersaLink_B7035_UI.jpg","contentUrl":"https:\/\/mv-systemes.fr\/wp-content\/uploads\/2017\/04\/VersaLink_B7035_UI.jpg","width":1500,"height":1200},{"@type":"BreadcrumbList","@id":"https:\/\/mv-systemes.fr\/index.php\/vente-location-et-maintenance-de-photocopieur-et-imprimante\/#breadcrumb","itemListElement":[{"@type":"ListItem","position":1,"name":"Accueil","item":"https:\/\/mv-systemes.fr\/"},{"@type":"ListItem","position":2,"name":"Vente, location et maintenance de photocopieur et d&rsquo;imprimante"}]},{"@type":"WebSite","@id":"https:\/\/mv-systemes.fr\/#website","url":"https:\/\/mv-systemes.fr\/","name":"MV SYSTEMES","description":"Vous simplifie l&#039;Informatique et la Bureautique","publisher":{"@id":"https:\/\/mv-systemes.fr\/#organization"},"potentialAction":[{"@type":"SearchAction","target":{"@type":"EntryPoint","urlTemplate":"https:\/\/mv-systemes.fr\/?s={search_term_string}"},"query-input":{"@type":"PropertyValueSpecification","valueRequired":true,"valueName":"search_term_string"}}],"inLanguage":"fr-FR"},{"@type":"Organization","@id":"https:\/\/mv-systemes.fr\/#organization","name":"MV SYSTEMES","url":"https:\/\/mv-systemes.fr\/","logo":{"@type":"ImageObject","inLanguage":"fr-FR","@id":"https:\/\/mv-systemes.fr\/#\/schema\/logo\/image\/","url":"https:\/\/mv-systemes.fr\/wp-content\/uploads\/2017\/06\/accueil2.jpg","contentUrl":"https:\/\/mv-systemes.fr\/wp-content\/uploads\/2017\/06\/accueil2.jpg","width":800,"height":480,"caption":"MV SYSTEMES"},"image":{"@id":"https:\/\/mv-systemes.fr\/#\/schema\/logo\/image\/"},"sameAs":["https:\/\/www.facebook.com\/pg\/MVSYSTEMES\/posts\/"]}]}},"_links":{"self":[{"href":"https:\/\/mv-systemes.fr\/index.php\/wp-json\/wp\/v2\/pages\/159","targetHints":{"allow":["GET"]}}],"collection":[{"href":"https:\/\/mv-systemes.fr\/index.php\/wp-json\/wp\/v2\/pages"}],"about":[{"href":"https:\/\/mv-systemes.fr\/index.php\/wp-json\/wp\/v2\/types\/page"}],"author":[{"embeddable":true,"href":"https:\/\/mv-systemes.fr\/index.php\/wp-json\/wp\/v2\/users\/1"}],"replies":[{"embeddable":true,"href":"https:\/\/mv-systemes.fr\/index.php\/wp-json\/wp\/v2\/comments?post=159"}],"version-history":[{"count":0,"href":"https:\/\/mv-systemes.fr\/index.php\/wp-json\/wp\/v2\/pages\/159\/revisions"}],"wp:featuredmedia":[{"embeddable":true,"href":"https:\/\/mv-systemes.fr\/index.php\/wp-json\/wp\/v2\/media\/177"}],"wp:attachment":[{"href":"https:\/\/mv-systemes.fr\/index.php\/wp-json\/wp\/v2\/media?parent=159"}],"curies":[{"name":"wp","href":"https:\/\/api.w.org\/{rel}","templated":true}]}}