{"id":181,"date":"2017-04-18T09:34:45","date_gmt":"2017-04-18T07:34:45","guid":{"rendered":"http:\/\/mv-systemes.fr\/?page_id=181"},"modified":"2017-06-10T07:04:20","modified_gmt":"2017-06-10T05:04:20","slug":"sauvegarde-et-plan-de-reprise-dactivite","status":"publish","type":"page","link":"https:\/\/mv-systemes.fr\/index.php\/sauvegarde-et-plan-de-reprise-dactivite\/","title":{"rendered":"La sauvegarde et plan de reprise d&rsquo;activit\u00e9"},"content":{"rendered":"<p><strong>Ne prenez pas de risques avec vos donn\u00e9es, optez pour un outil de sauvegarde informatique adapt\u00e9 !<\/strong><\/p>\n<p>La <strong>sauvegarde<\/strong> informatique de vos donn\u00e9es d\u2019entreprise est cruciale. En effet, une grande partie de l\u2019activit\u00e9 de votre soci\u00e9t\u00e9 repose sur les donn\u00e9es informatiques enregistr\u00e9es sur votre <strong>syst\u00e8me d&rsquo;information<\/strong>.<\/p>\n<p>Il est donc imp\u00e9ratif\u00a0de <strong>sauvegarder r\u00e9guli\u00e8rement et efficacement vos fichiers et dossiers<\/strong>, mais il est \u00e9galement tr\u00e8s important de r\u00e9aliser un \u00ab\u00a0<strong>plan de reprise d&rsquo;activit\u00e9 apr\u00e8s sinistre<\/strong>\u00a0\u00bb. En effet, cela vous permettra de savoir comment et en combien de temps vous pourrez r\u00e9cup\u00e9rer votre syst\u00e8me d&rsquo;information\u00a0dans son \u00e9tat ant\u00e9rieur apr\u00e8s un <strong>crash syst\u00e8me<\/strong>.<\/p>\n<p>Beaucoup \u00a0de soci\u00e9t\u00e9 pensent r\u00e9aliser de bonnes sauvegardes en copiant leurs donn\u00e9es sur un disque dur externe ou sur une clef USB. Le probl\u00e8me, c\u2019est qu\u2019ils r\u00e9alisent cette copie \u00ab\u00a0quand ils y pensent\u00a0\u00bb, c\u2019est \u00e0 dire rarement. De plus, les fichiers copi\u00e9s ne sont pas v\u00e9rifi\u00e9s et je constate souvent que seuls les raccourcis ont \u00e9t\u00e9 copi\u00e9s ! Je ne parlerai pas non plus de la messagerie \u00e9lectronique qui, en cas de probl\u00e8me, sera pratiquement toujours perdue car non sauvegard\u00e9e. Dans ces conditions, il est \u00e9vident que le temps de remise en \u00e9tat du syst\u00e8me risque d\u2019\u00eatre long et co\u00fbteux, car si vous devez faire appel \u00e0 une soci\u00e9t\u00e9 sp\u00e9cialis\u00e9e afin de r\u00e9cup\u00e9rer vos donn\u00e9es perdues, cela risque d\u2019\u00eatre beaucoup plus cher que l\u2019investissement de base n\u00e9cessaire \u00e0 une bonne <strong>sauvegarde de donn\u00e9es<\/strong>.<\/p>\n<p><strong>MV SYSTEMES est sp\u00e9cialis\u00e9 en mati\u00e8re de plan de sauvegarde.<\/strong><\/p>\n<p>Les solutions de sauvegarde informatique que nous proposons\u00a0fournissent aux petites et moyennes entreprises la fiabilit\u00e9, la facilit\u00e9 d\u2019utilisation, la puissance et la souplesse n\u00e9cessaires \u00e0 la <strong>protection des donn\u00e9es importantes<\/strong>.<\/p>\n<p>Ici, le point important \u00e0 consid\u00e9rer est <strong>l\u2019externalisation de votre sauvegarde informatique<\/strong>. Effectivement, un probl\u00e8me mat\u00e9riel est toujours possible sur votre lieu de travail (<strong>incendie<\/strong>, <strong>d\u00e9g\u00e2t des eaux<\/strong>, <strong>vol<\/strong>, etc..) et vos <strong>sauvegardes<\/strong> seraient \u00e9galement perdues si celles-ci ne sont pas externalis\u00e9es. En cas de probl\u00e8me grave, vous \u00eates assur\u00e9 que votre <strong>sauvegarde informatique<\/strong> est op\u00e9rationnelle et fonctionnelle.<\/p>\n<p>En r\u00e9sum\u00e9, voici quelques points clefs \u00e0 v\u00e9rifier afin que votre <strong>sauvegarde informatique<\/strong> soit efficace et surtout disponible le moment venu :<\/p>\n<ul>\n<li>Votre <strong>sauvegarde<\/strong> doit \u00eatre <strong>automatis\u00e9e<\/strong>, <strong>sans intervention humaine<\/strong><\/li>\n<li>Celle-ci doit \u00eatre <strong>v\u00e9rifi\u00e9e<\/strong> et <strong>test\u00e9e<\/strong> r\u00e9guli\u00e8rement<\/li>\n<li>Elle doit \u00eatre r\u00e9alis\u00e9e sur <strong>deux supports diff\u00e9rents<\/strong>, en <strong>local<\/strong> et \u00e0 l\u2019<strong>ext\u00e9rieur<\/strong> de votre entreprise<\/li>\n<li>Vous devez stocker vos <strong>sauvegardes<\/strong> locales dans un endroit <strong>s\u00fbr et s\u00e9curis\u00e9<\/strong>, <strong>prot\u00e9g\u00e9<\/strong> des \u00e9ventuels probl\u00e8mes pouvant intervenir sur le site, tels qu\u2019un <strong>vol<\/strong>, <strong>un d\u00e9g\u00e2t des eaux<\/strong> ou un <strong>feu<\/strong>.<\/li>\n<li>Une <strong>sauvegarde d\u00e9localis\u00e9e<\/strong> est <strong>primordiale<\/strong> afin de garantir <strong>l\u2019int\u00e9grit\u00e9 des donn\u00e9es<\/strong> en cas de probl\u00e8mes pouvant survenir au sein de votre soci\u00e9t\u00e9<\/li>\n<li>Un <strong>plan de reprise apr\u00e8s sinistre<\/strong> doit \u00eatre \u00e9tabli afin de pouvoir <strong>intervenir rapidement<\/strong> et<strong> efficacement<\/strong> le moment venu<\/li>\n<li>L\u2019utilisation de logiciels sp\u00e9cifiques, capables de <strong>cloner<\/strong> compl\u00e8tement un <strong>syst\u00e8me sensible<\/strong>, est un <strong>plus ind\u00e9niable<\/strong> en terme de <strong>gain de temps<\/strong><\/li>\n<li>Enfin, n\u2019oubliez pas que la<strong> remise en \u00e9tat d\u2019un syst\u00e8me informatique critique<\/strong>, tel qu\u2019un <strong>serveur<\/strong>, est une op\u00e9ration pouvant prendre du temps. Cela aura donc un impact sur votre <strong>outil informatique<\/strong> et donc sur votre <strong>production<\/strong>. Votre <strong>sauvegarde informatique<\/strong> doit donc \u00eatre bien pr\u00e9par\u00e9e et pouvoir \u00eatre <strong>rapidement restaur\u00e9e<\/strong> afin <strong>d\u2019immobiliser le moins possible votre syst\u00e8me<\/strong>.<\/li>\n<\/ul>\n<p>Je peux vous aider dans cette t\u00e2che primordiale afin de mettre en place un <strong>syst\u00e8me de sauvegarde informatique simple et efficace<\/strong>, et ceci \u00e0 moindre co\u00fbt. Un\u00a0<a href=\"http:\/\/mv-systemes.fr\/index.php\/audit-informatique\/\"><strong>audit informatique<\/strong>\u00a0<\/a>vous aidera \u00e0 mieux comprendre <strong>les enjeux<\/strong> de la mise en place d\u2019une <strong>bonne sauvegarde informatique<\/strong>.<\/p>\n<p>Pour en savoir plus et d\u00e9couvrir mes <strong>offres de sauvegarde<\/strong> informatique,\u00a0<a href=\"http:\/\/mv-systemes.fr\/index.php\/contact\/\"><strong>contactez-moi !<\/strong><\/a><\/p>\n","protected":false},"excerpt":{"rendered":"<p>Ne prenez pas de risques avec vos donn\u00e9es, optez pour un outil de sauvegarde informatique adapt\u00e9 ! La sauvegarde informatique de vos donn\u00e9es d\u2019entreprise est cruciale. En effet, une grande partie de l\u2019activit\u00e9 de votre soci\u00e9t\u00e9 repose sur les donn\u00e9es informatiques enregistr\u00e9es sur votre syst\u00e8me d&rsquo;information. Il est donc imp\u00e9ratif\u00a0de sauvegarder r\u00e9guli\u00e8rement et efficacement vos &hellip; <\/p>\n<p class=\"link-more\"><a href=\"https:\/\/mv-systemes.fr\/index.php\/sauvegarde-et-plan-de-reprise-dactivite\/\" class=\"more-link\">Continuer la lecture<span class=\"screen-reader-text\"> de &laquo;&nbsp;La sauvegarde et plan de reprise d&rsquo;activit\u00e9&nbsp;&raquo;<\/span><\/a><\/p>\n","protected":false},"author":1,"featured_media":281,"parent":0,"menu_order":0,"comment_status":"closed","ping_status":"closed","template":"","meta":{"_exactmetrics_skip_tracking":false,"_exactmetrics_sitenote_active":false,"_exactmetrics_sitenote_note":"","_exactmetrics_sitenote_category":0,"footnotes":""},"class_list":["post-181","page","type-page","status-publish","has-post-thumbnail","hentry"],"yoast_head":"<!-- This site is optimized with the Yoast SEO plugin v27.5 - https:\/\/yoast.com\/product\/yoast-seo-wordpress\/ -->\n<title>La sauvegarde et plan de reprise d&#039;activit\u00e9 - MV SYSTEMES<\/title>\n<meta name=\"robots\" content=\"index, follow, max-snippet:-1, max-image-preview:large, max-video-preview:-1\" \/>\n<link rel=\"canonical\" href=\"https:\/\/mv-systemes.fr\/index.php\/sauvegarde-et-plan-de-reprise-dactivite\/\" \/>\n<meta property=\"og:locale\" content=\"fr_FR\" \/>\n<meta property=\"og:type\" content=\"article\" \/>\n<meta property=\"og:title\" content=\"La sauvegarde et plan de reprise d&#039;activit\u00e9 - MV SYSTEMES\" \/>\n<meta property=\"og:description\" content=\"Ne prenez pas de risques avec vos donn\u00e9es, optez pour un outil de sauvegarde informatique adapt\u00e9 ! La sauvegarde informatique de vos donn\u00e9es d\u2019entreprise est cruciale. En effet, une grande partie de l\u2019activit\u00e9 de votre soci\u00e9t\u00e9 repose sur les donn\u00e9es informatiques enregistr\u00e9es sur votre syst\u00e8me d&rsquo;information. Il est donc imp\u00e9ratif\u00a0de sauvegarder r\u00e9guli\u00e8rement et efficacement vos &hellip; Continuer la lecture de &laquo;&nbsp;La sauvegarde et plan de reprise d&rsquo;activit\u00e9&nbsp;&raquo;\" \/>\n<meta property=\"og:url\" content=\"https:\/\/mv-systemes.fr\/index.php\/sauvegarde-et-plan-de-reprise-dactivite\/\" \/>\n<meta property=\"og:site_name\" content=\"MV SYSTEMES\" \/>\n<meta property=\"article:publisher\" content=\"https:\/\/www.facebook.com\/pg\/MVSYSTEMES\/posts\/\" \/>\n<meta property=\"article:modified_time\" content=\"2017-06-10T05:04:20+00:00\" \/>\n<meta property=\"og:image\" content=\"https:\/\/mv-systemes.fr\/wp-content\/uploads\/2017\/06\/sauvegarde-recuperation-donnees.jpg\" \/>\n\t<meta property=\"og:image:width\" content=\"800\" \/>\n\t<meta property=\"og:image:height\" content=\"600\" \/>\n\t<meta property=\"og:image:type\" content=\"image\/jpeg\" \/>\n<meta name=\"twitter:card\" content=\"summary_large_image\" \/>\n<meta name=\"twitter:label1\" content=\"Dur\u00e9e de lecture estim\u00e9e\" \/>\n\t<meta name=\"twitter:data1\" content=\"3 minutes\" \/>\n<script type=\"application\/ld+json\" class=\"yoast-schema-graph\">{\"@context\":\"https:\\\/\\\/schema.org\",\"@graph\":[{\"@type\":\"WebPage\",\"@id\":\"https:\\\/\\\/mv-systemes.fr\\\/index.php\\\/sauvegarde-et-plan-de-reprise-dactivite\\\/\",\"url\":\"https:\\\/\\\/mv-systemes.fr\\\/index.php\\\/sauvegarde-et-plan-de-reprise-dactivite\\\/\",\"name\":\"La sauvegarde et plan de reprise d'activit\u00e9 - MV SYSTEMES\",\"isPartOf\":{\"@id\":\"https:\\\/\\\/mv-systemes.fr\\\/#website\"},\"primaryImageOfPage\":{\"@id\":\"https:\\\/\\\/mv-systemes.fr\\\/index.php\\\/sauvegarde-et-plan-de-reprise-dactivite\\\/#primaryimage\"},\"image\":{\"@id\":\"https:\\\/\\\/mv-systemes.fr\\\/index.php\\\/sauvegarde-et-plan-de-reprise-dactivite\\\/#primaryimage\"},\"thumbnailUrl\":\"https:\\\/\\\/mv-systemes.fr\\\/wp-content\\\/uploads\\\/2017\\\/06\\\/sauvegarde-recuperation-donnees.jpg\",\"datePublished\":\"2017-04-18T07:34:45+00:00\",\"dateModified\":\"2017-06-10T05:04:20+00:00\",\"breadcrumb\":{\"@id\":\"https:\\\/\\\/mv-systemes.fr\\\/index.php\\\/sauvegarde-et-plan-de-reprise-dactivite\\\/#breadcrumb\"},\"inLanguage\":\"fr-FR\",\"potentialAction\":[{\"@type\":\"ReadAction\",\"target\":[\"https:\\\/\\\/mv-systemes.fr\\\/index.php\\\/sauvegarde-et-plan-de-reprise-dactivite\\\/\"]}]},{\"@type\":\"ImageObject\",\"inLanguage\":\"fr-FR\",\"@id\":\"https:\\\/\\\/mv-systemes.fr\\\/index.php\\\/sauvegarde-et-plan-de-reprise-dactivite\\\/#primaryimage\",\"url\":\"https:\\\/\\\/mv-systemes.fr\\\/wp-content\\\/uploads\\\/2017\\\/06\\\/sauvegarde-recuperation-donnees.jpg\",\"contentUrl\":\"https:\\\/\\\/mv-systemes.fr\\\/wp-content\\\/uploads\\\/2017\\\/06\\\/sauvegarde-recuperation-donnees.jpg\",\"width\":800,\"height\":600},{\"@type\":\"BreadcrumbList\",\"@id\":\"https:\\\/\\\/mv-systemes.fr\\\/index.php\\\/sauvegarde-et-plan-de-reprise-dactivite\\\/#breadcrumb\",\"itemListElement\":[{\"@type\":\"ListItem\",\"position\":1,\"name\":\"Accueil\",\"item\":\"https:\\\/\\\/mv-systemes.fr\\\/\"},{\"@type\":\"ListItem\",\"position\":2,\"name\":\"La sauvegarde et plan de reprise d&rsquo;activit\u00e9\"}]},{\"@type\":\"WebSite\",\"@id\":\"https:\\\/\\\/mv-systemes.fr\\\/#website\",\"url\":\"https:\\\/\\\/mv-systemes.fr\\\/\",\"name\":\"MV SYSTEMES\",\"description\":\"Vous simplifie l&#039;Informatique et la Bureautique\",\"publisher\":{\"@id\":\"https:\\\/\\\/mv-systemes.fr\\\/#organization\"},\"potentialAction\":[{\"@type\":\"SearchAction\",\"target\":{\"@type\":\"EntryPoint\",\"urlTemplate\":\"https:\\\/\\\/mv-systemes.fr\\\/?s={search_term_string}\"},\"query-input\":{\"@type\":\"PropertyValueSpecification\",\"valueRequired\":true,\"valueName\":\"search_term_string\"}}],\"inLanguage\":\"fr-FR\"},{\"@type\":\"Organization\",\"@id\":\"https:\\\/\\\/mv-systemes.fr\\\/#organization\",\"name\":\"MV SYSTEMES\",\"url\":\"https:\\\/\\\/mv-systemes.fr\\\/\",\"logo\":{\"@type\":\"ImageObject\",\"inLanguage\":\"fr-FR\",\"@id\":\"https:\\\/\\\/mv-systemes.fr\\\/#\\\/schema\\\/logo\\\/image\\\/\",\"url\":\"https:\\\/\\\/mv-systemes.fr\\\/wp-content\\\/uploads\\\/2017\\\/06\\\/accueil2.jpg\",\"contentUrl\":\"https:\\\/\\\/mv-systemes.fr\\\/wp-content\\\/uploads\\\/2017\\\/06\\\/accueil2.jpg\",\"width\":800,\"height\":480,\"caption\":\"MV SYSTEMES\"},\"image\":{\"@id\":\"https:\\\/\\\/mv-systemes.fr\\\/#\\\/schema\\\/logo\\\/image\\\/\"},\"sameAs\":[\"https:\\\/\\\/www.facebook.com\\\/pg\\\/MVSYSTEMES\\\/posts\\\/\"]}]}<\/script>\n<!-- \/ Yoast SEO plugin. -->","yoast_head_json":{"title":"La sauvegarde et plan de reprise d'activit\u00e9 - MV SYSTEMES","robots":{"index":"index","follow":"follow","max-snippet":"max-snippet:-1","max-image-preview":"max-image-preview:large","max-video-preview":"max-video-preview:-1"},"canonical":"https:\/\/mv-systemes.fr\/index.php\/sauvegarde-et-plan-de-reprise-dactivite\/","og_locale":"fr_FR","og_type":"article","og_title":"La sauvegarde et plan de reprise d'activit\u00e9 - MV SYSTEMES","og_description":"Ne prenez pas de risques avec vos donn\u00e9es, optez pour un outil de sauvegarde informatique adapt\u00e9 ! La sauvegarde informatique de vos donn\u00e9es d\u2019entreprise est cruciale. En effet, une grande partie de l\u2019activit\u00e9 de votre soci\u00e9t\u00e9 repose sur les donn\u00e9es informatiques enregistr\u00e9es sur votre syst\u00e8me d&rsquo;information. Il est donc imp\u00e9ratif\u00a0de sauvegarder r\u00e9guli\u00e8rement et efficacement vos &hellip; Continuer la lecture de &laquo;&nbsp;La sauvegarde et plan de reprise d&rsquo;activit\u00e9&nbsp;&raquo;","og_url":"https:\/\/mv-systemes.fr\/index.php\/sauvegarde-et-plan-de-reprise-dactivite\/","og_site_name":"MV SYSTEMES","article_publisher":"https:\/\/www.facebook.com\/pg\/MVSYSTEMES\/posts\/","article_modified_time":"2017-06-10T05:04:20+00:00","og_image":[{"width":800,"height":600,"url":"https:\/\/mv-systemes.fr\/wp-content\/uploads\/2017\/06\/sauvegarde-recuperation-donnees.jpg","type":"image\/jpeg"}],"twitter_card":"summary_large_image","twitter_misc":{"Dur\u00e9e de lecture estim\u00e9e":"3 minutes"},"schema":{"@context":"https:\/\/schema.org","@graph":[{"@type":"WebPage","@id":"https:\/\/mv-systemes.fr\/index.php\/sauvegarde-et-plan-de-reprise-dactivite\/","url":"https:\/\/mv-systemes.fr\/index.php\/sauvegarde-et-plan-de-reprise-dactivite\/","name":"La sauvegarde et plan de reprise d'activit\u00e9 - MV SYSTEMES","isPartOf":{"@id":"https:\/\/mv-systemes.fr\/#website"},"primaryImageOfPage":{"@id":"https:\/\/mv-systemes.fr\/index.php\/sauvegarde-et-plan-de-reprise-dactivite\/#primaryimage"},"image":{"@id":"https:\/\/mv-systemes.fr\/index.php\/sauvegarde-et-plan-de-reprise-dactivite\/#primaryimage"},"thumbnailUrl":"https:\/\/mv-systemes.fr\/wp-content\/uploads\/2017\/06\/sauvegarde-recuperation-donnees.jpg","datePublished":"2017-04-18T07:34:45+00:00","dateModified":"2017-06-10T05:04:20+00:00","breadcrumb":{"@id":"https:\/\/mv-systemes.fr\/index.php\/sauvegarde-et-plan-de-reprise-dactivite\/#breadcrumb"},"inLanguage":"fr-FR","potentialAction":[{"@type":"ReadAction","target":["https:\/\/mv-systemes.fr\/index.php\/sauvegarde-et-plan-de-reprise-dactivite\/"]}]},{"@type":"ImageObject","inLanguage":"fr-FR","@id":"https:\/\/mv-systemes.fr\/index.php\/sauvegarde-et-plan-de-reprise-dactivite\/#primaryimage","url":"https:\/\/mv-systemes.fr\/wp-content\/uploads\/2017\/06\/sauvegarde-recuperation-donnees.jpg","contentUrl":"https:\/\/mv-systemes.fr\/wp-content\/uploads\/2017\/06\/sauvegarde-recuperation-donnees.jpg","width":800,"height":600},{"@type":"BreadcrumbList","@id":"https:\/\/mv-systemes.fr\/index.php\/sauvegarde-et-plan-de-reprise-dactivite\/#breadcrumb","itemListElement":[{"@type":"ListItem","position":1,"name":"Accueil","item":"https:\/\/mv-systemes.fr\/"},{"@type":"ListItem","position":2,"name":"La sauvegarde et plan de reprise d&rsquo;activit\u00e9"}]},{"@type":"WebSite","@id":"https:\/\/mv-systemes.fr\/#website","url":"https:\/\/mv-systemes.fr\/","name":"MV SYSTEMES","description":"Vous simplifie l&#039;Informatique et la Bureautique","publisher":{"@id":"https:\/\/mv-systemes.fr\/#organization"},"potentialAction":[{"@type":"SearchAction","target":{"@type":"EntryPoint","urlTemplate":"https:\/\/mv-systemes.fr\/?s={search_term_string}"},"query-input":{"@type":"PropertyValueSpecification","valueRequired":true,"valueName":"search_term_string"}}],"inLanguage":"fr-FR"},{"@type":"Organization","@id":"https:\/\/mv-systemes.fr\/#organization","name":"MV SYSTEMES","url":"https:\/\/mv-systemes.fr\/","logo":{"@type":"ImageObject","inLanguage":"fr-FR","@id":"https:\/\/mv-systemes.fr\/#\/schema\/logo\/image\/","url":"https:\/\/mv-systemes.fr\/wp-content\/uploads\/2017\/06\/accueil2.jpg","contentUrl":"https:\/\/mv-systemes.fr\/wp-content\/uploads\/2017\/06\/accueil2.jpg","width":800,"height":480,"caption":"MV SYSTEMES"},"image":{"@id":"https:\/\/mv-systemes.fr\/#\/schema\/logo\/image\/"},"sameAs":["https:\/\/www.facebook.com\/pg\/MVSYSTEMES\/posts\/"]}]}},"_links":{"self":[{"href":"https:\/\/mv-systemes.fr\/index.php\/wp-json\/wp\/v2\/pages\/181","targetHints":{"allow":["GET"]}}],"collection":[{"href":"https:\/\/mv-systemes.fr\/index.php\/wp-json\/wp\/v2\/pages"}],"about":[{"href":"https:\/\/mv-systemes.fr\/index.php\/wp-json\/wp\/v2\/types\/page"}],"author":[{"embeddable":true,"href":"https:\/\/mv-systemes.fr\/index.php\/wp-json\/wp\/v2\/users\/1"}],"replies":[{"embeddable":true,"href":"https:\/\/mv-systemes.fr\/index.php\/wp-json\/wp\/v2\/comments?post=181"}],"version-history":[{"count":0,"href":"https:\/\/mv-systemes.fr\/index.php\/wp-json\/wp\/v2\/pages\/181\/revisions"}],"wp:featuredmedia":[{"embeddable":true,"href":"https:\/\/mv-systemes.fr\/index.php\/wp-json\/wp\/v2\/media\/281"}],"wp:attachment":[{"href":"https:\/\/mv-systemes.fr\/index.php\/wp-json\/wp\/v2\/media?parent=181"}],"curies":[{"name":"wp","href":"https:\/\/api.w.org\/{rel}","templated":true}]}}