{"id":188,"date":"2017-04-18T09:41:43","date_gmt":"2017-04-18T07:41:43","guid":{"rendered":"http:\/\/mv-systemes.fr\/?page_id=188"},"modified":"2017-06-10T07:04:57","modified_gmt":"2017-06-10T05:04:57","slug":"audit-informatique","status":"publish","type":"page","link":"https:\/\/mv-systemes.fr\/index.php\/audit-informatique\/","title":{"rendered":"Le Conseil Informatique"},"content":{"rendered":"<p><strong>Que vous apporte le conseil informatique ?<\/strong><\/p>\n<p>Mes prestations d\u2019audit et conseil informatique sont destin\u00e9es aux dirigeants de petites soci\u00e9t\u00e9s, commer\u00e7ants, artisans ou encore professions lib\u00e9rales, souvent seuls face aux probl\u00e8mes informatiques rencontr\u00e9s au quotidien.<br \/>\nEn effet, en tant qu\u2019ind\u00e9pendant ou dirigeant d\u2019une petite structure, vous n\u2019avez ni le temps ni les moyens en interne pour g\u00e9rer efficacement votre syst\u00e8me informatique ou vos outils de communication, tels que votre site web ou votre syst\u00e8me d\u2019envoi de newsletter. L\u2019aide d\u2019un consultant informatique vous permettra de mieux utiliser votre syst\u00e8me informatique, de mani\u00e8re plus simple et plus efficace.<\/p>\n<p><strong>Qu\u2019est-ce qu\u2019un audit informatique ?<\/strong><\/p>\n<p>Le but de cette prestation est de faire un point sur votre syst\u00e8me actuel afin de pouvoir en d\u00e9gager les points forts et les points \u00e0 am\u00e9liorer. Cela se passe en trois \u00e9tapes majeures :<\/p>\n<ul>\n<li>Un audit de votre syst\u00e8me informatique qui permettra de dresser un bilan<\/li>\n<li>La r\u00e9daction d\u2019un rapport avec pr\u00e9conisations de solutions simples et adapt\u00e9es \u00e0 votre structure<\/li>\n<li>La mise en place de ces solutions<\/li>\n<\/ul>\n<p>Ce bilan est tr\u00e8s important, ceci afin de pouvoir r\u00e9aliser un diagnostic complet de votre syst\u00e8me et faire apparaitre les points \u00e0 optimiser. Cela peut porter sur l\u2019organisation de la communication informatique de votre entreprise (web, email), la mise en place de syst\u00e8mes de sauvegarde simples et fiables, ou bien encore l\u2019acc\u00e8s \u00e0 vos documents \u00e0 l\u2019ext\u00e9rieur de votre entreprise.<\/p>\n<p>Quelles que soient les questions que vous vous posez, nous travaillerons ensemble afin de trouver des solutions simples et adapt\u00e9es \u00e0 votre situation.<\/p>\n","protected":false},"excerpt":{"rendered":"<p>Que vous apporte le conseil informatique ? Mes prestations d\u2019audit et conseil informatique sont destin\u00e9es aux dirigeants de petites soci\u00e9t\u00e9s, commer\u00e7ants, artisans ou encore professions lib\u00e9rales, souvent seuls face aux probl\u00e8mes informatiques rencontr\u00e9s au quotidien. En effet, en tant qu\u2019ind\u00e9pendant ou dirigeant d\u2019une petite structure, vous n\u2019avez ni le temps ni les moyens en interne &hellip; <\/p>\n<p class=\"link-more\"><a href=\"https:\/\/mv-systemes.fr\/index.php\/audit-informatique\/\" class=\"more-link\">Continuer la lecture<span class=\"screen-reader-text\"> de &laquo;&nbsp;Le Conseil Informatique&nbsp;&raquo;<\/span><\/a><\/p>\n","protected":false},"author":1,"featured_media":282,"parent":0,"menu_order":0,"comment_status":"closed","ping_status":"closed","template":"","meta":{"_exactmetrics_skip_tracking":false,"_exactmetrics_sitenote_active":false,"_exactmetrics_sitenote_note":"","_exactmetrics_sitenote_category":0,"footnotes":""},"class_list":["post-188","page","type-page","status-publish","has-post-thumbnail","hentry"],"yoast_head":"<!-- This site is optimized with the Yoast SEO plugin v27.5 - https:\/\/yoast.com\/product\/yoast-seo-wordpress\/ -->\n<title>Le Conseil Informatique - MV SYSTEMES<\/title>\n<meta name=\"robots\" content=\"index, follow, max-snippet:-1, max-image-preview:large, max-video-preview:-1\" \/>\n<link rel=\"canonical\" href=\"https:\/\/mv-systemes.fr\/index.php\/audit-informatique\/\" \/>\n<meta property=\"og:locale\" content=\"fr_FR\" \/>\n<meta property=\"og:type\" content=\"article\" \/>\n<meta property=\"og:title\" content=\"Le Conseil Informatique - MV SYSTEMES\" \/>\n<meta property=\"og:description\" content=\"Que vous apporte le conseil informatique ? Mes prestations d\u2019audit et conseil informatique sont destin\u00e9es aux dirigeants de petites soci\u00e9t\u00e9s, commer\u00e7ants, artisans ou encore professions lib\u00e9rales, souvent seuls face aux probl\u00e8mes informatiques rencontr\u00e9s au quotidien. En effet, en tant qu\u2019ind\u00e9pendant ou dirigeant d\u2019une petite structure, vous n\u2019avez ni le temps ni les moyens en interne &hellip; Continuer la lecture de &laquo;&nbsp;Le Conseil Informatique&nbsp;&raquo;\" \/>\n<meta property=\"og:url\" content=\"https:\/\/mv-systemes.fr\/index.php\/audit-informatique\/\" \/>\n<meta property=\"og:site_name\" content=\"MV SYSTEMES\" \/>\n<meta property=\"article:publisher\" content=\"https:\/\/www.facebook.com\/pg\/MVSYSTEMES\/posts\/\" \/>\n<meta property=\"article:modified_time\" content=\"2017-06-10T05:04:57+00:00\" \/>\n<meta property=\"og:image\" content=\"https:\/\/mv-systemes.fr\/wp-content\/uploads\/2017\/06\/solution_conseils.jpg\" \/>\n\t<meta property=\"og:image:width\" content=\"800\" \/>\n\t<meta property=\"og:image:height\" content=\"292\" \/>\n\t<meta property=\"og:image:type\" content=\"image\/jpeg\" \/>\n<meta name=\"twitter:card\" content=\"summary_large_image\" \/>\n<meta name=\"twitter:label1\" content=\"Dur\u00e9e de lecture estim\u00e9e\" \/>\n\t<meta name=\"twitter:data1\" content=\"1 minute\" \/>\n<script type=\"application\/ld+json\" class=\"yoast-schema-graph\">{\"@context\":\"https:\\\/\\\/schema.org\",\"@graph\":[{\"@type\":\"WebPage\",\"@id\":\"https:\\\/\\\/mv-systemes.fr\\\/index.php\\\/audit-informatique\\\/\",\"url\":\"https:\\\/\\\/mv-systemes.fr\\\/index.php\\\/audit-informatique\\\/\",\"name\":\"Le Conseil Informatique - MV SYSTEMES\",\"isPartOf\":{\"@id\":\"https:\\\/\\\/mv-systemes.fr\\\/#website\"},\"primaryImageOfPage\":{\"@id\":\"https:\\\/\\\/mv-systemes.fr\\\/index.php\\\/audit-informatique\\\/#primaryimage\"},\"image\":{\"@id\":\"https:\\\/\\\/mv-systemes.fr\\\/index.php\\\/audit-informatique\\\/#primaryimage\"},\"thumbnailUrl\":\"https:\\\/\\\/mv-systemes.fr\\\/wp-content\\\/uploads\\\/2017\\\/06\\\/solution_conseils.jpg\",\"datePublished\":\"2017-04-18T07:41:43+00:00\",\"dateModified\":\"2017-06-10T05:04:57+00:00\",\"breadcrumb\":{\"@id\":\"https:\\\/\\\/mv-systemes.fr\\\/index.php\\\/audit-informatique\\\/#breadcrumb\"},\"inLanguage\":\"fr-FR\",\"potentialAction\":[{\"@type\":\"ReadAction\",\"target\":[\"https:\\\/\\\/mv-systemes.fr\\\/index.php\\\/audit-informatique\\\/\"]}]},{\"@type\":\"ImageObject\",\"inLanguage\":\"fr-FR\",\"@id\":\"https:\\\/\\\/mv-systemes.fr\\\/index.php\\\/audit-informatique\\\/#primaryimage\",\"url\":\"https:\\\/\\\/mv-systemes.fr\\\/wp-content\\\/uploads\\\/2017\\\/06\\\/solution_conseils.jpg\",\"contentUrl\":\"https:\\\/\\\/mv-systemes.fr\\\/wp-content\\\/uploads\\\/2017\\\/06\\\/solution_conseils.jpg\",\"width\":800,\"height\":292},{\"@type\":\"BreadcrumbList\",\"@id\":\"https:\\\/\\\/mv-systemes.fr\\\/index.php\\\/audit-informatique\\\/#breadcrumb\",\"itemListElement\":[{\"@type\":\"ListItem\",\"position\":1,\"name\":\"Accueil\",\"item\":\"https:\\\/\\\/mv-systemes.fr\\\/\"},{\"@type\":\"ListItem\",\"position\":2,\"name\":\"Le Conseil Informatique\"}]},{\"@type\":\"WebSite\",\"@id\":\"https:\\\/\\\/mv-systemes.fr\\\/#website\",\"url\":\"https:\\\/\\\/mv-systemes.fr\\\/\",\"name\":\"MV SYSTEMES\",\"description\":\"Vous simplifie l&#039;Informatique et la Bureautique\",\"publisher\":{\"@id\":\"https:\\\/\\\/mv-systemes.fr\\\/#organization\"},\"potentialAction\":[{\"@type\":\"SearchAction\",\"target\":{\"@type\":\"EntryPoint\",\"urlTemplate\":\"https:\\\/\\\/mv-systemes.fr\\\/?s={search_term_string}\"},\"query-input\":{\"@type\":\"PropertyValueSpecification\",\"valueRequired\":true,\"valueName\":\"search_term_string\"}}],\"inLanguage\":\"fr-FR\"},{\"@type\":\"Organization\",\"@id\":\"https:\\\/\\\/mv-systemes.fr\\\/#organization\",\"name\":\"MV SYSTEMES\",\"url\":\"https:\\\/\\\/mv-systemes.fr\\\/\",\"logo\":{\"@type\":\"ImageObject\",\"inLanguage\":\"fr-FR\",\"@id\":\"https:\\\/\\\/mv-systemes.fr\\\/#\\\/schema\\\/logo\\\/image\\\/\",\"url\":\"https:\\\/\\\/mv-systemes.fr\\\/wp-content\\\/uploads\\\/2017\\\/06\\\/accueil2.jpg\",\"contentUrl\":\"https:\\\/\\\/mv-systemes.fr\\\/wp-content\\\/uploads\\\/2017\\\/06\\\/accueil2.jpg\",\"width\":800,\"height\":480,\"caption\":\"MV SYSTEMES\"},\"image\":{\"@id\":\"https:\\\/\\\/mv-systemes.fr\\\/#\\\/schema\\\/logo\\\/image\\\/\"},\"sameAs\":[\"https:\\\/\\\/www.facebook.com\\\/pg\\\/MVSYSTEMES\\\/posts\\\/\"]}]}<\/script>\n<!-- \/ Yoast SEO plugin. -->","yoast_head_json":{"title":"Le Conseil Informatique - MV SYSTEMES","robots":{"index":"index","follow":"follow","max-snippet":"max-snippet:-1","max-image-preview":"max-image-preview:large","max-video-preview":"max-video-preview:-1"},"canonical":"https:\/\/mv-systemes.fr\/index.php\/audit-informatique\/","og_locale":"fr_FR","og_type":"article","og_title":"Le Conseil Informatique - MV SYSTEMES","og_description":"Que vous apporte le conseil informatique ? Mes prestations d\u2019audit et conseil informatique sont destin\u00e9es aux dirigeants de petites soci\u00e9t\u00e9s, commer\u00e7ants, artisans ou encore professions lib\u00e9rales, souvent seuls face aux probl\u00e8mes informatiques rencontr\u00e9s au quotidien. En effet, en tant qu\u2019ind\u00e9pendant ou dirigeant d\u2019une petite structure, vous n\u2019avez ni le temps ni les moyens en interne &hellip; Continuer la lecture de &laquo;&nbsp;Le Conseil Informatique&nbsp;&raquo;","og_url":"https:\/\/mv-systemes.fr\/index.php\/audit-informatique\/","og_site_name":"MV SYSTEMES","article_publisher":"https:\/\/www.facebook.com\/pg\/MVSYSTEMES\/posts\/","article_modified_time":"2017-06-10T05:04:57+00:00","og_image":[{"width":800,"height":292,"url":"https:\/\/mv-systemes.fr\/wp-content\/uploads\/2017\/06\/solution_conseils.jpg","type":"image\/jpeg"}],"twitter_card":"summary_large_image","twitter_misc":{"Dur\u00e9e de lecture estim\u00e9e":"1 minute"},"schema":{"@context":"https:\/\/schema.org","@graph":[{"@type":"WebPage","@id":"https:\/\/mv-systemes.fr\/index.php\/audit-informatique\/","url":"https:\/\/mv-systemes.fr\/index.php\/audit-informatique\/","name":"Le Conseil Informatique - MV SYSTEMES","isPartOf":{"@id":"https:\/\/mv-systemes.fr\/#website"},"primaryImageOfPage":{"@id":"https:\/\/mv-systemes.fr\/index.php\/audit-informatique\/#primaryimage"},"image":{"@id":"https:\/\/mv-systemes.fr\/index.php\/audit-informatique\/#primaryimage"},"thumbnailUrl":"https:\/\/mv-systemes.fr\/wp-content\/uploads\/2017\/06\/solution_conseils.jpg","datePublished":"2017-04-18T07:41:43+00:00","dateModified":"2017-06-10T05:04:57+00:00","breadcrumb":{"@id":"https:\/\/mv-systemes.fr\/index.php\/audit-informatique\/#breadcrumb"},"inLanguage":"fr-FR","potentialAction":[{"@type":"ReadAction","target":["https:\/\/mv-systemes.fr\/index.php\/audit-informatique\/"]}]},{"@type":"ImageObject","inLanguage":"fr-FR","@id":"https:\/\/mv-systemes.fr\/index.php\/audit-informatique\/#primaryimage","url":"https:\/\/mv-systemes.fr\/wp-content\/uploads\/2017\/06\/solution_conseils.jpg","contentUrl":"https:\/\/mv-systemes.fr\/wp-content\/uploads\/2017\/06\/solution_conseils.jpg","width":800,"height":292},{"@type":"BreadcrumbList","@id":"https:\/\/mv-systemes.fr\/index.php\/audit-informatique\/#breadcrumb","itemListElement":[{"@type":"ListItem","position":1,"name":"Accueil","item":"https:\/\/mv-systemes.fr\/"},{"@type":"ListItem","position":2,"name":"Le Conseil Informatique"}]},{"@type":"WebSite","@id":"https:\/\/mv-systemes.fr\/#website","url":"https:\/\/mv-systemes.fr\/","name":"MV SYSTEMES","description":"Vous simplifie l&#039;Informatique et la Bureautique","publisher":{"@id":"https:\/\/mv-systemes.fr\/#organization"},"potentialAction":[{"@type":"SearchAction","target":{"@type":"EntryPoint","urlTemplate":"https:\/\/mv-systemes.fr\/?s={search_term_string}"},"query-input":{"@type":"PropertyValueSpecification","valueRequired":true,"valueName":"search_term_string"}}],"inLanguage":"fr-FR"},{"@type":"Organization","@id":"https:\/\/mv-systemes.fr\/#organization","name":"MV SYSTEMES","url":"https:\/\/mv-systemes.fr\/","logo":{"@type":"ImageObject","inLanguage":"fr-FR","@id":"https:\/\/mv-systemes.fr\/#\/schema\/logo\/image\/","url":"https:\/\/mv-systemes.fr\/wp-content\/uploads\/2017\/06\/accueil2.jpg","contentUrl":"https:\/\/mv-systemes.fr\/wp-content\/uploads\/2017\/06\/accueil2.jpg","width":800,"height":480,"caption":"MV SYSTEMES"},"image":{"@id":"https:\/\/mv-systemes.fr\/#\/schema\/logo\/image\/"},"sameAs":["https:\/\/www.facebook.com\/pg\/MVSYSTEMES\/posts\/"]}]}},"_links":{"self":[{"href":"https:\/\/mv-systemes.fr\/index.php\/wp-json\/wp\/v2\/pages\/188","targetHints":{"allow":["GET"]}}],"collection":[{"href":"https:\/\/mv-systemes.fr\/index.php\/wp-json\/wp\/v2\/pages"}],"about":[{"href":"https:\/\/mv-systemes.fr\/index.php\/wp-json\/wp\/v2\/types\/page"}],"author":[{"embeddable":true,"href":"https:\/\/mv-systemes.fr\/index.php\/wp-json\/wp\/v2\/users\/1"}],"replies":[{"embeddable":true,"href":"https:\/\/mv-systemes.fr\/index.php\/wp-json\/wp\/v2\/comments?post=188"}],"version-history":[{"count":0,"href":"https:\/\/mv-systemes.fr\/index.php\/wp-json\/wp\/v2\/pages\/188\/revisions"}],"wp:featuredmedia":[{"embeddable":true,"href":"https:\/\/mv-systemes.fr\/index.php\/wp-json\/wp\/v2\/media\/282"}],"wp:attachment":[{"href":"https:\/\/mv-systemes.fr\/index.php\/wp-json\/wp\/v2\/media?parent=188"}],"curies":[{"name":"wp","href":"https:\/\/api.w.org\/{rel}","templated":true}]}}