{"id":374,"date":"2020-02-22T17:23:29","date_gmt":"2020-02-22T16:23:29","guid":{"rendered":"https:\/\/mv-systemes.fr\/?page_id=374"},"modified":"2020-02-22T17:23:30","modified_gmt":"2020-02-22T16:23:30","slug":"telephonie-fixe-voip","status":"publish","type":"page","link":"https:\/\/mv-systemes.fr\/index.php\/telephonie-fixe-voip\/","title":{"rendered":"T\u00c9L\u00c9PHONIE FIXE VOIP"},"content":{"rendered":"\n<h1 class=\"wp-block-heading\" id=\"title\">Solution T\u00e9l\u00e9phonie VOIP<\/h1>\n\n\n\n<figure class=\"wp-block-image size-large\"><img loading=\"lazy\" decoding=\"async\" width=\"600\" height=\"600\" src=\"https:\/\/mv-systemes.fr\/wp-content\/uploads\/2020\/02\/yealink-_t54s_1.jpg\" alt=\"\" class=\"wp-image-378\" srcset=\"https:\/\/mv-systemes.fr\/wp-content\/uploads\/2020\/02\/yealink-_t54s_1.jpg 600w, https:\/\/mv-systemes.fr\/wp-content\/uploads\/2020\/02\/yealink-_t54s_1-300x300.jpg 300w, https:\/\/mv-systemes.fr\/wp-content\/uploads\/2020\/02\/yealink-_t54s_1-150x150.jpg 150w, https:\/\/mv-systemes.fr\/wp-content\/uploads\/2020\/02\/yealink-_t54s_1-100x100.jpg 100w\" sizes=\"auto, (max-width: 600px) 100vw, 600px\" \/><\/figure>\n\n\n\n<p>La VoIP convertit la voix en signal digital et s&rsquo;appuie sur la puissance d&rsquo;Internet.<br>Les avantages ? Des tarifs attractifs, une \u00e9volution en temps r\u00e9elle du parc et le couplage t\u00e9l\u00e9phonie\/informatique qui permet d&rsquo;offrir aux utilisateurs une exp\u00e9rience optimale.<\/p>\n\n\n\n<div class=\"wp-block-group\"><div class=\"wp-block-group__inner-container is-layout-flow wp-block-group-is-layout-flow\">\n<p>Forfait MV\nSYSTEMES Illimit\u00e9 Fixe &amp; Mobile<\/p>\n\n\n\n<p>Appels fixes\n\u00ab\u00a0France et 40 destinations\u00a0\u00bb et mobiles France inclus (1)<\/p>\n\n\n\n<p>20 fonctionnalit\u00e9s\nEntreprise<\/p>\n<\/div><\/div>\n\n\n\n<p>2 appels simultan\u00e9s\n\/ par ligne<\/p>\n\n\n\n<div class=\"wp-block-group\"><div class=\"wp-block-group__inner-container is-layout-flow wp-block-group-is-layout-flow\">\n<p>Forfait MV SYSTEMES\nIllimit\u00e9 Fixe<\/p>\n\n\n\n<p>Appels fixes\n\u00ab\u00a0France et 40 destinations\u00a0\u00bb (1)<\/p>\n\n\n\n<p>20 fonctionnalit\u00e9s\nEntreprise<\/p>\n\n\n\n<p>2 appels simultan\u00e9s\n\/ par ligne<\/p>\n<\/div><\/div>\n\n\n\n<div class=\"wp-block-group\"><div class=\"wp-block-group__inner-container is-layout-flow wp-block-group-is-layout-flow\">\n<div class=\"wp-block-group\"><div class=\"wp-block-group__inner-container is-layout-flow wp-block-group-is-layout-flow\">\n<div class=\"wp-block-group\"><div class=\"wp-block-group__inner-container is-layout-flow wp-block-group-is-layout-flow\">\n<p><strong>Appels\nEntrants :<\/strong><\/p>\n<\/div><\/div>\n<\/div><\/div>\n\n\n\n<p>&#8211;\nAccueil t\u00e9l\u00e9phonique<\/p>\n\n\n\n<p>Accueil\nt\u00e9l\u00e9phonique, pr\u00e9-d\u00e9croch\u00e9, gestion des musiques et des plages horaires<\/p>\n\n\n\n<p>&#8211;\nAppels simultan\u00e9s<\/p>\n\n\n\n<p>Jusqu\u2019\u00e0\n10 appels simultan\u00e9s par ligne pour ne perdre aucun appel.<\/p>\n\n\n\n<p>&#8211;\nRedirection des appels<\/p>\n\n\n\n<p>Itin\u00e9rance,\ndirigez vos appels entrants vers diff\u00e9rents t\u00e9l\u00e9phones.<\/p>\n\n\n\n<p>&#8211;\nFiltre d\u2019appels<\/p>\n\n\n\n<p>G\u00e9rez\nles appels entrants en fonction de vos disponibilit\u00e9s et de leur pertinence<\/p>\n\n\n\n<p>&#8211;\nFile d\u2019appels<\/p>\n\n\n\n<p>Dirigez\nvos appels entrants vers plusieurs postes pour maximiser le taux de r\u00e9ponses.<\/p>\n\n\n\n<p>Vous\npouvez choisir de faire sonner vos collaborateurs en m\u00eame temps, ou les uns\napr\u00e8s les autres&#8230;<\/p>\n\n\n\n<p>Organisez\nla file d\u2019appels selon les emplois du temps des collaborateurs.<\/p>\n\n\n\n<p>&#8211;\nServeur vocal interactif<\/p>\n\n\n\n<p>Proposez\n\u00e0 vos appelants de choisir le service qu\u2019ils souhaitent contacter.<\/p>\n\n\n\n<p>En\nactivant la fonctionnalit\u00e9 SVI, vous am\u00e9liorez l\u2019exp\u00e9rience de vos clients.<\/p>\n\n\n\n<p>&#8211;\nSupervision des lignes<\/p>\n\n\n\n<p>Disposez\nd\u2019une vue d\u2019ensemble de la disponibilit\u00e9 des de vos collaborateurs.<\/p>\n<\/div><\/div>\n\n\n\n<div class=\"wp-block-group\"><div class=\"wp-block-group__inner-container is-layout-flow wp-block-group-is-layout-flow\">\n<p><strong>Appels\nSortants :<\/strong><\/p>\n\n\n\n<p>&#8211;\nPr\u00e9sentation du num\u00e9ro<\/p>\n\n\n\n<p>Pr\u00e9sentez\nle num\u00e9ro d\u2019accueil de votre entreprise lors de vos appels sortants.<\/p>\n\n\n\n<p>&#8211;\nPartage des contacts<\/p>\n\n\n\n<p>Centralisez\net partagez vos r\u00e9pertoires.<\/p>\n\n\n\n<p>&#8211;\nRedirection des appels<\/p>\n\n\n\n<p>Filtrez\nvos appels gr\u00e2ce \u00e0 des listes blanches ou noires.<\/p>\n\n\n\n<p>&#8211;\nNum\u00e9ro masqu\u00e9<\/p>\n\n\n\n<p>Passez\nvos appels de fa\u00e7on anonyme.<\/p>\n\n\n\n<p>&#8211;\nClick to Call<\/p>\n\n\n\n<p>Une\nmise en relation automatique.<\/p>\n<\/div><\/div>\n\n\n\n<div class=\"wp-block-group\"><div class=\"wp-block-group__inner-container is-layout-flow wp-block-group-is-layout-flow\">\n<figure class=\"wp-block-image size-large\"><img loading=\"lazy\" decoding=\"async\" width=\"600\" height=\"600\" src=\"https:\/\/mv-systemes.fr\/wp-content\/uploads\/2020\/02\/gigaset_s650h_pro_1.jpg\" alt=\"\" class=\"wp-image-379\" srcset=\"https:\/\/mv-systemes.fr\/wp-content\/uploads\/2020\/02\/gigaset_s650h_pro_1.jpg 600w, https:\/\/mv-systemes.fr\/wp-content\/uploads\/2020\/02\/gigaset_s650h_pro_1-300x300.jpg 300w, https:\/\/mv-systemes.fr\/wp-content\/uploads\/2020\/02\/gigaset_s650h_pro_1-150x150.jpg 150w, https:\/\/mv-systemes.fr\/wp-content\/uploads\/2020\/02\/gigaset_s650h_pro_1-100x100.jpg 100w\" sizes=\"auto, (max-width: 600px) 100vw, 600px\" \/><\/figure>\n\n\n\n<p><strong>Messagerie\nVocale :<\/strong><\/p>\n\n\n\n<p>&#8211;\nGestion de la messagerie<\/p>\n\n\n\n<p>Une\ngestion professionnelle de vos messages.<\/p>\n\n\n\n<p>Administration\n:<\/p>\n\n\n\n<p>&#8211;\nManager<\/p>\n\n\n\n<p>G\u00e9rez\nvos services MVS en un clic.<\/p>\n\n\n\n<p>&#8211;\nPortabilit\u00e9 du num\u00e9ro<\/p>\n\n\n\n<p>La\nportabilit\u00e9 vous permet de conserver votre num\u00e9ro d\u2019accueil et tous les autres num\u00e9ros\nde votre entreprise en migrant chez MV SYSTEMES.<\/p>\n\n\n\n<p>Pas\nde nouvelles coordonn\u00e9es \u00e0 communiquer : Vos contacts n&rsquo;y verront aucune diff\u00e9rence\n!<\/p>\n\n\n\n<p>&#8211;\nStatistiques d\u00e9taill\u00e9es<\/p>\n\n\n\n<p>\u00c0\npartir de votre Manager, vous visualisez le d\u00e9tail des appels re\u00e7us, manqu\u00e9s,\ntransf\u00e9r\u00e9s ou \u00e9mis durant le mois en cours et les mois pr\u00e9c\u00e9dents : nombre\nd&rsquo;appels, dur\u00e9e des communications, etc&#8230;<\/p>\n\n\n\n<p>&#8211;\nConversion Num\u00e9ro \/ Ligne<\/p>\n\n\n\n<p>D\u2019une\nligne vers un num\u00e9ro.<\/p>\n<\/div><\/div>\n\n\n\n<p>(1) <strong>Appels inclus vers :<\/strong> Allemagne, Argentine, Australie, Autriche, Belgique, Br\u00e9sil, Canada, Chili, Chine, Chypre, Colombie, Danemark, Espagne, France m\u00e9tropolitaine, Royaume Uni, Gr\u00e8ce, Hong-Kong, Hongrie, Irlande, Isra\u00ebl, Italie, Kazakhstan, Luxembourg, Malaisie, Mexique, Norv\u00e8ge, Nouvelle Z\u00e9lande, Panama, Pays Bas, Pologne, Portugal, P\u00e9rou, Russie, Singapour, Slovaquie, Suisse, Su\u00e8de, Taiwan, Tha\u00eflande, USA, Venezuela.<\/p>\n\n\n\n<p>T\u00e9l\u00e9phones mis \u00e0 disposition<\/p>\n\n\n\n<p>Configurez en quelques clics un standard d&rsquo;accueil, gr\u00e2ce auquel vous pourrez filtrer les appels entrants et g\u00e9rer les d\u00e9bordements<\/p>\n","protected":false},"excerpt":{"rendered":"<p>Solution T\u00e9l\u00e9phonie VOIP La VoIP convertit la voix en signal digital et s&rsquo;appuie sur la puissance d&rsquo;Internet.Les avantages ? Des tarifs attractifs, une \u00e9volution en temps r\u00e9elle du parc et le couplage t\u00e9l\u00e9phonie\/informatique qui permet d&rsquo;offrir aux utilisateurs une exp\u00e9rience optimale. Forfait MV SYSTEMES Illimit\u00e9 Fixe &amp; Mobile Appels fixes \u00ab\u00a0France et 40 destinations\u00a0\u00bb et &hellip; <\/p>\n<p class=\"link-more\"><a href=\"https:\/\/mv-systemes.fr\/index.php\/telephonie-fixe-voip\/\" class=\"more-link\">Continuer la lecture<span class=\"screen-reader-text\"> de &laquo;&nbsp;T\u00c9L\u00c9PHONIE FIXE VOIP&nbsp;&raquo;<\/span><\/a><\/p>\n","protected":false},"author":1,"featured_media":0,"parent":0,"menu_order":0,"comment_status":"closed","ping_status":"closed","template":"","meta":{"_exactmetrics_skip_tracking":false,"_exactmetrics_sitenote_active":false,"_exactmetrics_sitenote_note":"","_exactmetrics_sitenote_category":0,"footnotes":""},"class_list":["post-374","page","type-page","status-publish","hentry"],"yoast_head":"<!-- This site is optimized with the Yoast SEO plugin v27.5 - https:\/\/yoast.com\/product\/yoast-seo-wordpress\/ -->\n<title>T\u00c9L\u00c9PHONIE FIXE VOIP - MV SYSTEMES<\/title>\n<meta name=\"robots\" content=\"index, follow, max-snippet:-1, max-image-preview:large, max-video-preview:-1\" \/>\n<link rel=\"canonical\" href=\"https:\/\/mv-systemes.fr\/index.php\/telephonie-fixe-voip\/\" \/>\n<meta property=\"og:locale\" content=\"fr_FR\" \/>\n<meta property=\"og:type\" content=\"article\" \/>\n<meta property=\"og:title\" content=\"T\u00c9L\u00c9PHONIE FIXE VOIP - MV SYSTEMES\" \/>\n<meta property=\"og:description\" content=\"Solution T\u00e9l\u00e9phonie VOIP La VoIP convertit la voix en signal digital et s&rsquo;appuie sur la puissance d&rsquo;Internet.Les avantages ? Des tarifs attractifs, une \u00e9volution en temps r\u00e9elle du parc et le couplage t\u00e9l\u00e9phonie\/informatique qui permet d&rsquo;offrir aux utilisateurs une exp\u00e9rience optimale. Forfait MV SYSTEMES Illimit\u00e9 Fixe &amp; Mobile Appels fixes \u00ab\u00a0France et 40 destinations\u00a0\u00bb et &hellip; Continuer la lecture de &laquo;&nbsp;T\u00c9L\u00c9PHONIE FIXE VOIP&nbsp;&raquo;\" \/>\n<meta property=\"og:url\" content=\"https:\/\/mv-systemes.fr\/index.php\/telephonie-fixe-voip\/\" \/>\n<meta property=\"og:site_name\" content=\"MV SYSTEMES\" \/>\n<meta property=\"article:publisher\" content=\"https:\/\/www.facebook.com\/pg\/MVSYSTEMES\/posts\/\" \/>\n<meta property=\"article:modified_time\" content=\"2020-02-22T16:23:30+00:00\" \/>\n<meta property=\"og:image\" content=\"https:\/\/mv-systemes.fr\/wp-content\/uploads\/2020\/02\/yealink-_t54s_1.jpg\" \/>\n<meta name=\"twitter:card\" content=\"summary_large_image\" \/>\n<meta name=\"twitter:label1\" content=\"Dur\u00e9e de lecture estim\u00e9e\" \/>\n\t<meta name=\"twitter:data1\" content=\"3 minutes\" \/>\n<script type=\"application\/ld+json\" class=\"yoast-schema-graph\">{\"@context\":\"https:\\\/\\\/schema.org\",\"@graph\":[{\"@type\":\"WebPage\",\"@id\":\"https:\\\/\\\/mv-systemes.fr\\\/index.php\\\/telephonie-fixe-voip\\\/\",\"url\":\"https:\\\/\\\/mv-systemes.fr\\\/index.php\\\/telephonie-fixe-voip\\\/\",\"name\":\"T\u00c9L\u00c9PHONIE FIXE VOIP - MV SYSTEMES\",\"isPartOf\":{\"@id\":\"https:\\\/\\\/mv-systemes.fr\\\/#website\"},\"primaryImageOfPage\":{\"@id\":\"https:\\\/\\\/mv-systemes.fr\\\/index.php\\\/telephonie-fixe-voip\\\/#primaryimage\"},\"image\":{\"@id\":\"https:\\\/\\\/mv-systemes.fr\\\/index.php\\\/telephonie-fixe-voip\\\/#primaryimage\"},\"thumbnailUrl\":\"https:\\\/\\\/mv-systemes.fr\\\/wp-content\\\/uploads\\\/2020\\\/02\\\/yealink-_t54s_1.jpg\",\"datePublished\":\"2020-02-22T16:23:29+00:00\",\"dateModified\":\"2020-02-22T16:23:30+00:00\",\"breadcrumb\":{\"@id\":\"https:\\\/\\\/mv-systemes.fr\\\/index.php\\\/telephonie-fixe-voip\\\/#breadcrumb\"},\"inLanguage\":\"fr-FR\",\"potentialAction\":[{\"@type\":\"ReadAction\",\"target\":[\"https:\\\/\\\/mv-systemes.fr\\\/index.php\\\/telephonie-fixe-voip\\\/\"]}]},{\"@type\":\"ImageObject\",\"inLanguage\":\"fr-FR\",\"@id\":\"https:\\\/\\\/mv-systemes.fr\\\/index.php\\\/telephonie-fixe-voip\\\/#primaryimage\",\"url\":\"https:\\\/\\\/mv-systemes.fr\\\/wp-content\\\/uploads\\\/2020\\\/02\\\/yealink-_t54s_1.jpg\",\"contentUrl\":\"https:\\\/\\\/mv-systemes.fr\\\/wp-content\\\/uploads\\\/2020\\\/02\\\/yealink-_t54s_1.jpg\",\"width\":600,\"height\":600},{\"@type\":\"BreadcrumbList\",\"@id\":\"https:\\\/\\\/mv-systemes.fr\\\/index.php\\\/telephonie-fixe-voip\\\/#breadcrumb\",\"itemListElement\":[{\"@type\":\"ListItem\",\"position\":1,\"name\":\"Accueil\",\"item\":\"https:\\\/\\\/mv-systemes.fr\\\/\"},{\"@type\":\"ListItem\",\"position\":2,\"name\":\"T\u00c9L\u00c9PHONIE FIXE VOIP\"}]},{\"@type\":\"WebSite\",\"@id\":\"https:\\\/\\\/mv-systemes.fr\\\/#website\",\"url\":\"https:\\\/\\\/mv-systemes.fr\\\/\",\"name\":\"MV SYSTEMES\",\"description\":\"Vous simplifie l&#039;Informatique et la Bureautique\",\"publisher\":{\"@id\":\"https:\\\/\\\/mv-systemes.fr\\\/#organization\"},\"potentialAction\":[{\"@type\":\"SearchAction\",\"target\":{\"@type\":\"EntryPoint\",\"urlTemplate\":\"https:\\\/\\\/mv-systemes.fr\\\/?s={search_term_string}\"},\"query-input\":{\"@type\":\"PropertyValueSpecification\",\"valueRequired\":true,\"valueName\":\"search_term_string\"}}],\"inLanguage\":\"fr-FR\"},{\"@type\":\"Organization\",\"@id\":\"https:\\\/\\\/mv-systemes.fr\\\/#organization\",\"name\":\"MV SYSTEMES\",\"url\":\"https:\\\/\\\/mv-systemes.fr\\\/\",\"logo\":{\"@type\":\"ImageObject\",\"inLanguage\":\"fr-FR\",\"@id\":\"https:\\\/\\\/mv-systemes.fr\\\/#\\\/schema\\\/logo\\\/image\\\/\",\"url\":\"https:\\\/\\\/mv-systemes.fr\\\/wp-content\\\/uploads\\\/2017\\\/06\\\/accueil2.jpg\",\"contentUrl\":\"https:\\\/\\\/mv-systemes.fr\\\/wp-content\\\/uploads\\\/2017\\\/06\\\/accueil2.jpg\",\"width\":800,\"height\":480,\"caption\":\"MV SYSTEMES\"},\"image\":{\"@id\":\"https:\\\/\\\/mv-systemes.fr\\\/#\\\/schema\\\/logo\\\/image\\\/\"},\"sameAs\":[\"https:\\\/\\\/www.facebook.com\\\/pg\\\/MVSYSTEMES\\\/posts\\\/\"]}]}<\/script>\n<!-- \/ Yoast SEO plugin. -->","yoast_head_json":{"title":"T\u00c9L\u00c9PHONIE FIXE VOIP - MV SYSTEMES","robots":{"index":"index","follow":"follow","max-snippet":"max-snippet:-1","max-image-preview":"max-image-preview:large","max-video-preview":"max-video-preview:-1"},"canonical":"https:\/\/mv-systemes.fr\/index.php\/telephonie-fixe-voip\/","og_locale":"fr_FR","og_type":"article","og_title":"T\u00c9L\u00c9PHONIE FIXE VOIP - MV SYSTEMES","og_description":"Solution T\u00e9l\u00e9phonie VOIP La VoIP convertit la voix en signal digital et s&rsquo;appuie sur la puissance d&rsquo;Internet.Les avantages ? Des tarifs attractifs, une \u00e9volution en temps r\u00e9elle du parc et le couplage t\u00e9l\u00e9phonie\/informatique qui permet d&rsquo;offrir aux utilisateurs une exp\u00e9rience optimale. Forfait MV SYSTEMES Illimit\u00e9 Fixe &amp; Mobile Appels fixes \u00ab\u00a0France et 40 destinations\u00a0\u00bb et &hellip; Continuer la lecture de &laquo;&nbsp;T\u00c9L\u00c9PHONIE FIXE VOIP&nbsp;&raquo;","og_url":"https:\/\/mv-systemes.fr\/index.php\/telephonie-fixe-voip\/","og_site_name":"MV SYSTEMES","article_publisher":"https:\/\/www.facebook.com\/pg\/MVSYSTEMES\/posts\/","article_modified_time":"2020-02-22T16:23:30+00:00","og_image":[{"url":"https:\/\/mv-systemes.fr\/wp-content\/uploads\/2020\/02\/yealink-_t54s_1.jpg","type":"","width":"","height":""}],"twitter_card":"summary_large_image","twitter_misc":{"Dur\u00e9e de lecture estim\u00e9e":"3 minutes"},"schema":{"@context":"https:\/\/schema.org","@graph":[{"@type":"WebPage","@id":"https:\/\/mv-systemes.fr\/index.php\/telephonie-fixe-voip\/","url":"https:\/\/mv-systemes.fr\/index.php\/telephonie-fixe-voip\/","name":"T\u00c9L\u00c9PHONIE FIXE VOIP - MV SYSTEMES","isPartOf":{"@id":"https:\/\/mv-systemes.fr\/#website"},"primaryImageOfPage":{"@id":"https:\/\/mv-systemes.fr\/index.php\/telephonie-fixe-voip\/#primaryimage"},"image":{"@id":"https:\/\/mv-systemes.fr\/index.php\/telephonie-fixe-voip\/#primaryimage"},"thumbnailUrl":"https:\/\/mv-systemes.fr\/wp-content\/uploads\/2020\/02\/yealink-_t54s_1.jpg","datePublished":"2020-02-22T16:23:29+00:00","dateModified":"2020-02-22T16:23:30+00:00","breadcrumb":{"@id":"https:\/\/mv-systemes.fr\/index.php\/telephonie-fixe-voip\/#breadcrumb"},"inLanguage":"fr-FR","potentialAction":[{"@type":"ReadAction","target":["https:\/\/mv-systemes.fr\/index.php\/telephonie-fixe-voip\/"]}]},{"@type":"ImageObject","inLanguage":"fr-FR","@id":"https:\/\/mv-systemes.fr\/index.php\/telephonie-fixe-voip\/#primaryimage","url":"https:\/\/mv-systemes.fr\/wp-content\/uploads\/2020\/02\/yealink-_t54s_1.jpg","contentUrl":"https:\/\/mv-systemes.fr\/wp-content\/uploads\/2020\/02\/yealink-_t54s_1.jpg","width":600,"height":600},{"@type":"BreadcrumbList","@id":"https:\/\/mv-systemes.fr\/index.php\/telephonie-fixe-voip\/#breadcrumb","itemListElement":[{"@type":"ListItem","position":1,"name":"Accueil","item":"https:\/\/mv-systemes.fr\/"},{"@type":"ListItem","position":2,"name":"T\u00c9L\u00c9PHONIE FIXE VOIP"}]},{"@type":"WebSite","@id":"https:\/\/mv-systemes.fr\/#website","url":"https:\/\/mv-systemes.fr\/","name":"MV SYSTEMES","description":"Vous simplifie l&#039;Informatique et la Bureautique","publisher":{"@id":"https:\/\/mv-systemes.fr\/#organization"},"potentialAction":[{"@type":"SearchAction","target":{"@type":"EntryPoint","urlTemplate":"https:\/\/mv-systemes.fr\/?s={search_term_string}"},"query-input":{"@type":"PropertyValueSpecification","valueRequired":true,"valueName":"search_term_string"}}],"inLanguage":"fr-FR"},{"@type":"Organization","@id":"https:\/\/mv-systemes.fr\/#organization","name":"MV SYSTEMES","url":"https:\/\/mv-systemes.fr\/","logo":{"@type":"ImageObject","inLanguage":"fr-FR","@id":"https:\/\/mv-systemes.fr\/#\/schema\/logo\/image\/","url":"https:\/\/mv-systemes.fr\/wp-content\/uploads\/2017\/06\/accueil2.jpg","contentUrl":"https:\/\/mv-systemes.fr\/wp-content\/uploads\/2017\/06\/accueil2.jpg","width":800,"height":480,"caption":"MV SYSTEMES"},"image":{"@id":"https:\/\/mv-systemes.fr\/#\/schema\/logo\/image\/"},"sameAs":["https:\/\/www.facebook.com\/pg\/MVSYSTEMES\/posts\/"]}]}},"_links":{"self":[{"href":"https:\/\/mv-systemes.fr\/index.php\/wp-json\/wp\/v2\/pages\/374","targetHints":{"allow":["GET"]}}],"collection":[{"href":"https:\/\/mv-systemes.fr\/index.php\/wp-json\/wp\/v2\/pages"}],"about":[{"href":"https:\/\/mv-systemes.fr\/index.php\/wp-json\/wp\/v2\/types\/page"}],"author":[{"embeddable":true,"href":"https:\/\/mv-systemes.fr\/index.php\/wp-json\/wp\/v2\/users\/1"}],"replies":[{"embeddable":true,"href":"https:\/\/mv-systemes.fr\/index.php\/wp-json\/wp\/v2\/comments?post=374"}],"version-history":[{"count":3,"href":"https:\/\/mv-systemes.fr\/index.php\/wp-json\/wp\/v2\/pages\/374\/revisions"}],"predecessor-version":[{"id":380,"href":"https:\/\/mv-systemes.fr\/index.php\/wp-json\/wp\/v2\/pages\/374\/revisions\/380"}],"wp:attachment":[{"href":"https:\/\/mv-systemes.fr\/index.php\/wp-json\/wp\/v2\/media?parent=374"}],"curies":[{"name":"wp","href":"https:\/\/api.w.org\/{rel}","templated":true}]}}