{"id":384,"date":"2020-02-22T17:42:57","date_gmt":"2020-02-22T16:42:57","guid":{"rendered":"https:\/\/mv-systemes.fr\/?page_id=384"},"modified":"2020-02-22T17:42:58","modified_gmt":"2020-02-22T16:42:58","slug":"acces-adsl-vdsl-sdls-fibre","status":"publish","type":"page","link":"https:\/\/mv-systemes.fr\/index.php\/acces-adsl-vdsl-sdls-fibre\/","title":{"rendered":"ACCES ADSL \/ VDSL \/ SDLS \/ FIBRE"},"content":{"rendered":"\n<div class=\"wp-block-group\"><div class=\"wp-block-group__inner-container is-layout-flow wp-block-group-is-layout-flow\">\n<p>Un internet fiable et performant !<\/p>\n\n\n\n<p>Besoin d&rsquo;une connexion internet puissante ?<\/p>\n\n\n\n<p>Connexion fluide, besoins en t\u00e9l\u00e9phonie professionnelle, redondance d&rsquo;acc\u00e8s, autoroute vers le Cloud &#8230;<\/p>\n\n\n\n<p>Profitez du tr\u00e8s haut d\u00e9bit avec nos offres fibre. Elles s\u2019accompagnent d\u2019outils collaboratifs professionnels r\u00e9pondant \u00e0 tous vos besoins.<\/p>\n\n\n\n<p>Am\u00e9liorez la fiabilit\u00e9 de votre acc\u00e8s \u00e0 Internet, s\u00e9curisez votre connexion et augmentez votre d\u00e9bit gr\u00e2ce \u00e0 OverTheBox (OTB)<\/p>\n\n\n\n<p>Garantissez la stabilit\u00e9 de vos services de t\u00e9l\u00e9phonie avec des d\u00e9bits sym\u00e9triques jusqu\u2019\u00e0 20 Mbit\/s avec votre connexion SDSL.<\/p>\n<\/div><\/div>\n\n\n\n<div class=\"wp-block-group\"><div class=\"wp-block-group__inner-container is-layout-flow wp-block-group-is-layout-flow\">\n<h2 class=\"wp-block-heading\">4 technologies pour tous les besoins<\/h2>\n\n\n\n<p>MV SYSTEMES, c\u2019est une gamme compl\u00e8te d\u2019offres reposant sur les diff\u00e9rentes technologies du march\u00e9. Retrouvez le tr\u00e8s haut d\u00e9bit par la fibre et le VDSL, le haut d\u00e9bit avec l\u2019ADSL, ou encore le SDSL qui propose un d\u00e9bit sym\u00e9trique pour une connexion fiable et stable.<\/p>\n<\/div><\/div>\n\n\n\n<figure class=\"wp-block-image size-large\"><img loading=\"lazy\" decoding=\"async\" width=\"716\" height=\"190\" src=\"https:\/\/mv-systemes.fr\/wp-content\/uploads\/2020\/02\/group-261.png\" alt=\"\" class=\"wp-image-385\" srcset=\"https:\/\/mv-systemes.fr\/wp-content\/uploads\/2020\/02\/group-261.png 716w, https:\/\/mv-systemes.fr\/wp-content\/uploads\/2020\/02\/group-261-300x80.png 300w\" sizes=\"auto, (max-width: 716px) 100vw, 716px\" \/><\/figure>\n\n\n\n<div class=\"wp-block-group\"><div class=\"wp-block-group__inner-container is-layout-flow wp-block-group-is-layout-flow\">\n<h2 class=\"wp-block-heading\">Choisissez la meilleure offre Internet<\/h2>\n\n\n\n<p>Nous avons regroup\u00e9 ici les diff\u00e9rentes questions que se posent les professionnels \u00e0 la recherche d&rsquo;une compr\u00e9hension Internet. Suivez l&rsquo;arbre de d\u00e9cision et trouvez votre abonnement Internet id\u00e9al<\/p>\n<\/div><\/div>\n\n\n\n<figure class=\"wp-block-image size-large\"><img loading=\"lazy\" decoding=\"async\" width=\"854\" height=\"404\" src=\"https:\/\/mv-systemes.fr\/wp-content\/uploads\/2020\/02\/schema-comparatif-V2.png\" alt=\"schema comparatif\" class=\"wp-image-386\" srcset=\"https:\/\/mv-systemes.fr\/wp-content\/uploads\/2020\/02\/schema-comparatif-V2.png 854w, https:\/\/mv-systemes.fr\/wp-content\/uploads\/2020\/02\/schema-comparatif-V2-300x142.png 300w, https:\/\/mv-systemes.fr\/wp-content\/uploads\/2020\/02\/schema-comparatif-V2-768x363.png 768w\" sizes=\"auto, (max-width: 767px) 89vw, (max-width: 1000px) 54vw, (max-width: 1071px) 543px, 580px\" \/><\/figure>\n\n\n\n<div class=\"wp-block-group\"><div class=\"wp-block-group__inner-container is-layout-flow wp-block-group-is-layout-flow\">\n<p>(1) Variable en fonction de la longueur de la ligne et de la consommation en bande passante des autres utilisateurs raccord\u00e9s au m\u00eame NRA<\/p>\n\n\n\n<p>(2) FTTH avec d\u00e9bit IP descendant maximum constat\u00e9. D\u00e9pend de la consommation en bande passante des autres utilisateurs raccord\u00e9s au m\u00eame PM et NRO.<\/p>\n\n\n\n<p>(3) D\u00e9bit garanti<\/p>\n<\/div><\/div>\n","protected":false},"excerpt":{"rendered":"<p>Un internet fiable et performant ! Besoin d&rsquo;une connexion internet puissante ? Connexion fluide, besoins en t\u00e9l\u00e9phonie professionnelle, redondance d&rsquo;acc\u00e8s, autoroute vers le Cloud &#8230; Profitez du tr\u00e8s haut d\u00e9bit avec nos offres fibre. Elles s\u2019accompagnent d\u2019outils collaboratifs professionnels r\u00e9pondant \u00e0 tous vos besoins. Am\u00e9liorez la fiabilit\u00e9 de votre acc\u00e8s \u00e0 Internet, s\u00e9curisez votre connexion &hellip; <\/p>\n<p class=\"link-more\"><a href=\"https:\/\/mv-systemes.fr\/index.php\/acces-adsl-vdsl-sdls-fibre\/\" class=\"more-link\">Continuer la lecture<span class=\"screen-reader-text\"> de &laquo;&nbsp;ACCES ADSL \/ VDSL \/ SDLS \/ FIBRE&nbsp;&raquo;<\/span><\/a><\/p>\n","protected":false},"author":1,"featured_media":0,"parent":0,"menu_order":0,"comment_status":"closed","ping_status":"closed","template":"","meta":{"_exactmetrics_skip_tracking":false,"_exactmetrics_sitenote_active":false,"_exactmetrics_sitenote_note":"","_exactmetrics_sitenote_category":0,"footnotes":""},"class_list":["post-384","page","type-page","status-publish","hentry"],"yoast_head":"<!-- This site is optimized with the Yoast SEO plugin v27.5 - https:\/\/yoast.com\/product\/yoast-seo-wordpress\/ -->\n<title>ACCES ADSL \/ VDSL \/ SDLS \/ FIBRE - MV SYSTEMES<\/title>\n<meta name=\"robots\" content=\"index, follow, max-snippet:-1, max-image-preview:large, max-video-preview:-1\" \/>\n<link rel=\"canonical\" href=\"https:\/\/mv-systemes.fr\/index.php\/acces-adsl-vdsl-sdls-fibre\/\" \/>\n<meta property=\"og:locale\" content=\"fr_FR\" \/>\n<meta property=\"og:type\" content=\"article\" \/>\n<meta property=\"og:title\" content=\"ACCES ADSL \/ VDSL \/ SDLS \/ FIBRE - MV SYSTEMES\" \/>\n<meta property=\"og:description\" content=\"Un internet fiable et performant ! Besoin d&rsquo;une connexion internet puissante ? Connexion fluide, besoins en t\u00e9l\u00e9phonie professionnelle, redondance d&rsquo;acc\u00e8s, autoroute vers le Cloud &#8230; Profitez du tr\u00e8s haut d\u00e9bit avec nos offres fibre. Elles s\u2019accompagnent d\u2019outils collaboratifs professionnels r\u00e9pondant \u00e0 tous vos besoins. Am\u00e9liorez la fiabilit\u00e9 de votre acc\u00e8s \u00e0 Internet, s\u00e9curisez votre connexion &hellip; Continuer la lecture de &laquo;&nbsp;ACCES ADSL \/ VDSL \/ SDLS \/ FIBRE&nbsp;&raquo;\" \/>\n<meta property=\"og:url\" content=\"https:\/\/mv-systemes.fr\/index.php\/acces-adsl-vdsl-sdls-fibre\/\" \/>\n<meta property=\"og:site_name\" content=\"MV SYSTEMES\" \/>\n<meta property=\"article:publisher\" content=\"https:\/\/www.facebook.com\/pg\/MVSYSTEMES\/posts\/\" \/>\n<meta property=\"article:modified_time\" content=\"2020-02-22T16:42:58+00:00\" \/>\n<meta property=\"og:image\" content=\"https:\/\/mv-systemes.fr\/wp-content\/uploads\/2020\/02\/group-261.png\" \/>\n<meta name=\"twitter:card\" content=\"summary_large_image\" \/>\n<meta name=\"twitter:label1\" content=\"Dur\u00e9e de lecture estim\u00e9e\" \/>\n\t<meta name=\"twitter:data1\" content=\"1 minute\" \/>\n<script type=\"application\/ld+json\" class=\"yoast-schema-graph\">{\"@context\":\"https:\\\/\\\/schema.org\",\"@graph\":[{\"@type\":\"WebPage\",\"@id\":\"https:\\\/\\\/mv-systemes.fr\\\/index.php\\\/acces-adsl-vdsl-sdls-fibre\\\/\",\"url\":\"https:\\\/\\\/mv-systemes.fr\\\/index.php\\\/acces-adsl-vdsl-sdls-fibre\\\/\",\"name\":\"ACCES ADSL \\\/ VDSL \\\/ SDLS \\\/ FIBRE - MV SYSTEMES\",\"isPartOf\":{\"@id\":\"https:\\\/\\\/mv-systemes.fr\\\/#website\"},\"primaryImageOfPage\":{\"@id\":\"https:\\\/\\\/mv-systemes.fr\\\/index.php\\\/acces-adsl-vdsl-sdls-fibre\\\/#primaryimage\"},\"image\":{\"@id\":\"https:\\\/\\\/mv-systemes.fr\\\/index.php\\\/acces-adsl-vdsl-sdls-fibre\\\/#primaryimage\"},\"thumbnailUrl\":\"https:\\\/\\\/mv-systemes.fr\\\/wp-content\\\/uploads\\\/2020\\\/02\\\/group-261.png\",\"datePublished\":\"2020-02-22T16:42:57+00:00\",\"dateModified\":\"2020-02-22T16:42:58+00:00\",\"breadcrumb\":{\"@id\":\"https:\\\/\\\/mv-systemes.fr\\\/index.php\\\/acces-adsl-vdsl-sdls-fibre\\\/#breadcrumb\"},\"inLanguage\":\"fr-FR\",\"potentialAction\":[{\"@type\":\"ReadAction\",\"target\":[\"https:\\\/\\\/mv-systemes.fr\\\/index.php\\\/acces-adsl-vdsl-sdls-fibre\\\/\"]}]},{\"@type\":\"ImageObject\",\"inLanguage\":\"fr-FR\",\"@id\":\"https:\\\/\\\/mv-systemes.fr\\\/index.php\\\/acces-adsl-vdsl-sdls-fibre\\\/#primaryimage\",\"url\":\"https:\\\/\\\/mv-systemes.fr\\\/wp-content\\\/uploads\\\/2020\\\/02\\\/group-261.png\",\"contentUrl\":\"https:\\\/\\\/mv-systemes.fr\\\/wp-content\\\/uploads\\\/2020\\\/02\\\/group-261.png\",\"width\":716,\"height\":190},{\"@type\":\"BreadcrumbList\",\"@id\":\"https:\\\/\\\/mv-systemes.fr\\\/index.php\\\/acces-adsl-vdsl-sdls-fibre\\\/#breadcrumb\",\"itemListElement\":[{\"@type\":\"ListItem\",\"position\":1,\"name\":\"Accueil\",\"item\":\"https:\\\/\\\/mv-systemes.fr\\\/\"},{\"@type\":\"ListItem\",\"position\":2,\"name\":\"ACCES ADSL \\\/ VDSL \\\/ SDLS \\\/ FIBRE\"}]},{\"@type\":\"WebSite\",\"@id\":\"https:\\\/\\\/mv-systemes.fr\\\/#website\",\"url\":\"https:\\\/\\\/mv-systemes.fr\\\/\",\"name\":\"MV SYSTEMES\",\"description\":\"Vous simplifie l&#039;Informatique et la Bureautique\",\"publisher\":{\"@id\":\"https:\\\/\\\/mv-systemes.fr\\\/#organization\"},\"potentialAction\":[{\"@type\":\"SearchAction\",\"target\":{\"@type\":\"EntryPoint\",\"urlTemplate\":\"https:\\\/\\\/mv-systemes.fr\\\/?s={search_term_string}\"},\"query-input\":{\"@type\":\"PropertyValueSpecification\",\"valueRequired\":true,\"valueName\":\"search_term_string\"}}],\"inLanguage\":\"fr-FR\"},{\"@type\":\"Organization\",\"@id\":\"https:\\\/\\\/mv-systemes.fr\\\/#organization\",\"name\":\"MV SYSTEMES\",\"url\":\"https:\\\/\\\/mv-systemes.fr\\\/\",\"logo\":{\"@type\":\"ImageObject\",\"inLanguage\":\"fr-FR\",\"@id\":\"https:\\\/\\\/mv-systemes.fr\\\/#\\\/schema\\\/logo\\\/image\\\/\",\"url\":\"https:\\\/\\\/mv-systemes.fr\\\/wp-content\\\/uploads\\\/2017\\\/06\\\/accueil2.jpg\",\"contentUrl\":\"https:\\\/\\\/mv-systemes.fr\\\/wp-content\\\/uploads\\\/2017\\\/06\\\/accueil2.jpg\",\"width\":800,\"height\":480,\"caption\":\"MV SYSTEMES\"},\"image\":{\"@id\":\"https:\\\/\\\/mv-systemes.fr\\\/#\\\/schema\\\/logo\\\/image\\\/\"},\"sameAs\":[\"https:\\\/\\\/www.facebook.com\\\/pg\\\/MVSYSTEMES\\\/posts\\\/\"]}]}<\/script>\n<!-- \/ Yoast SEO plugin. -->","yoast_head_json":{"title":"ACCES ADSL \/ VDSL \/ SDLS \/ FIBRE - MV SYSTEMES","robots":{"index":"index","follow":"follow","max-snippet":"max-snippet:-1","max-image-preview":"max-image-preview:large","max-video-preview":"max-video-preview:-1"},"canonical":"https:\/\/mv-systemes.fr\/index.php\/acces-adsl-vdsl-sdls-fibre\/","og_locale":"fr_FR","og_type":"article","og_title":"ACCES ADSL \/ VDSL \/ SDLS \/ FIBRE - MV SYSTEMES","og_description":"Un internet fiable et performant ! Besoin d&rsquo;une connexion internet puissante ? Connexion fluide, besoins en t\u00e9l\u00e9phonie professionnelle, redondance d&rsquo;acc\u00e8s, autoroute vers le Cloud &#8230; Profitez du tr\u00e8s haut d\u00e9bit avec nos offres fibre. Elles s\u2019accompagnent d\u2019outils collaboratifs professionnels r\u00e9pondant \u00e0 tous vos besoins. Am\u00e9liorez la fiabilit\u00e9 de votre acc\u00e8s \u00e0 Internet, s\u00e9curisez votre connexion &hellip; Continuer la lecture de &laquo;&nbsp;ACCES ADSL \/ VDSL \/ SDLS \/ FIBRE&nbsp;&raquo;","og_url":"https:\/\/mv-systemes.fr\/index.php\/acces-adsl-vdsl-sdls-fibre\/","og_site_name":"MV SYSTEMES","article_publisher":"https:\/\/www.facebook.com\/pg\/MVSYSTEMES\/posts\/","article_modified_time":"2020-02-22T16:42:58+00:00","og_image":[{"url":"https:\/\/mv-systemes.fr\/wp-content\/uploads\/2020\/02\/group-261.png","type":"","width":"","height":""}],"twitter_card":"summary_large_image","twitter_misc":{"Dur\u00e9e de lecture estim\u00e9e":"1 minute"},"schema":{"@context":"https:\/\/schema.org","@graph":[{"@type":"WebPage","@id":"https:\/\/mv-systemes.fr\/index.php\/acces-adsl-vdsl-sdls-fibre\/","url":"https:\/\/mv-systemes.fr\/index.php\/acces-adsl-vdsl-sdls-fibre\/","name":"ACCES ADSL \/ VDSL \/ SDLS \/ FIBRE - MV SYSTEMES","isPartOf":{"@id":"https:\/\/mv-systemes.fr\/#website"},"primaryImageOfPage":{"@id":"https:\/\/mv-systemes.fr\/index.php\/acces-adsl-vdsl-sdls-fibre\/#primaryimage"},"image":{"@id":"https:\/\/mv-systemes.fr\/index.php\/acces-adsl-vdsl-sdls-fibre\/#primaryimage"},"thumbnailUrl":"https:\/\/mv-systemes.fr\/wp-content\/uploads\/2020\/02\/group-261.png","datePublished":"2020-02-22T16:42:57+00:00","dateModified":"2020-02-22T16:42:58+00:00","breadcrumb":{"@id":"https:\/\/mv-systemes.fr\/index.php\/acces-adsl-vdsl-sdls-fibre\/#breadcrumb"},"inLanguage":"fr-FR","potentialAction":[{"@type":"ReadAction","target":["https:\/\/mv-systemes.fr\/index.php\/acces-adsl-vdsl-sdls-fibre\/"]}]},{"@type":"ImageObject","inLanguage":"fr-FR","@id":"https:\/\/mv-systemes.fr\/index.php\/acces-adsl-vdsl-sdls-fibre\/#primaryimage","url":"https:\/\/mv-systemes.fr\/wp-content\/uploads\/2020\/02\/group-261.png","contentUrl":"https:\/\/mv-systemes.fr\/wp-content\/uploads\/2020\/02\/group-261.png","width":716,"height":190},{"@type":"BreadcrumbList","@id":"https:\/\/mv-systemes.fr\/index.php\/acces-adsl-vdsl-sdls-fibre\/#breadcrumb","itemListElement":[{"@type":"ListItem","position":1,"name":"Accueil","item":"https:\/\/mv-systemes.fr\/"},{"@type":"ListItem","position":2,"name":"ACCES ADSL \/ VDSL \/ SDLS \/ FIBRE"}]},{"@type":"WebSite","@id":"https:\/\/mv-systemes.fr\/#website","url":"https:\/\/mv-systemes.fr\/","name":"MV SYSTEMES","description":"Vous simplifie l&#039;Informatique et la Bureautique","publisher":{"@id":"https:\/\/mv-systemes.fr\/#organization"},"potentialAction":[{"@type":"SearchAction","target":{"@type":"EntryPoint","urlTemplate":"https:\/\/mv-systemes.fr\/?s={search_term_string}"},"query-input":{"@type":"PropertyValueSpecification","valueRequired":true,"valueName":"search_term_string"}}],"inLanguage":"fr-FR"},{"@type":"Organization","@id":"https:\/\/mv-systemes.fr\/#organization","name":"MV SYSTEMES","url":"https:\/\/mv-systemes.fr\/","logo":{"@type":"ImageObject","inLanguage":"fr-FR","@id":"https:\/\/mv-systemes.fr\/#\/schema\/logo\/image\/","url":"https:\/\/mv-systemes.fr\/wp-content\/uploads\/2017\/06\/accueil2.jpg","contentUrl":"https:\/\/mv-systemes.fr\/wp-content\/uploads\/2017\/06\/accueil2.jpg","width":800,"height":480,"caption":"MV SYSTEMES"},"image":{"@id":"https:\/\/mv-systemes.fr\/#\/schema\/logo\/image\/"},"sameAs":["https:\/\/www.facebook.com\/pg\/MVSYSTEMES\/posts\/"]}]}},"_links":{"self":[{"href":"https:\/\/mv-systemes.fr\/index.php\/wp-json\/wp\/v2\/pages\/384","targetHints":{"allow":["GET"]}}],"collection":[{"href":"https:\/\/mv-systemes.fr\/index.php\/wp-json\/wp\/v2\/pages"}],"about":[{"href":"https:\/\/mv-systemes.fr\/index.php\/wp-json\/wp\/v2\/types\/page"}],"author":[{"embeddable":true,"href":"https:\/\/mv-systemes.fr\/index.php\/wp-json\/wp\/v2\/users\/1"}],"replies":[{"embeddable":true,"href":"https:\/\/mv-systemes.fr\/index.php\/wp-json\/wp\/v2\/comments?post=384"}],"version-history":[{"count":1,"href":"https:\/\/mv-systemes.fr\/index.php\/wp-json\/wp\/v2\/pages\/384\/revisions"}],"predecessor-version":[{"id":387,"href":"https:\/\/mv-systemes.fr\/index.php\/wp-json\/wp\/v2\/pages\/384\/revisions\/387"}],"wp:attachment":[{"href":"https:\/\/mv-systemes.fr\/index.php\/wp-json\/wp\/v2\/media?parent=384"}],"curies":[{"name":"wp","href":"https:\/\/api.w.org\/{rel}","templated":true}]}}