{"id":441,"date":"2025-02-13T16:48:07","date_gmt":"2025-02-13T15:48:07","guid":{"rendered":"https:\/\/mv-systemes.fr\/?page_id=441"},"modified":"2025-02-13T17:03:00","modified_gmt":"2025-02-13T16:03:00","slug":"elementor-441","status":"publish","type":"page","link":"https:\/\/mv-systemes.fr\/index.php\/elementor-441\/","title":{"rendered":"Installation et param\u00e9trage de copieurs, traceurs et imprimantes multifonctions"},"content":{"rendered":"<h2>Imprimante multifonctions, copieur, scanner, traceur&#8230;<\/h2>\n<p>\t\t\t\t\t\t\t\t\t\t\t\t\t\t\t<img loading=\"lazy\" decoding=\"async\" width=\"600\" height=\"400\" src=\"https:\/\/mv-systemes.fr\/wp-content\/uploads\/2025\/02\/photocopieur-multifonction-brother.jpeg\" alt=\"\" srcset=\"https:\/\/mv-systemes.fr\/wp-content\/uploads\/2025\/02\/photocopieur-multifonction-brother.jpeg 600w, https:\/\/mv-systemes.fr\/wp-content\/uploads\/2025\/02\/photocopieur-multifonction-brother-300x200.jpeg 300w\" sizes=\"auto, (max-width: 600px) 100vw, 600px\" \/>\t\t\t\t\t\t\t\t\t\t\t\t\t\t\t<\/p>\n<p>Chez MV SYSTEMES, nous vous accompagnons dans l\u2019installation et la configuration de vos \u00e9quipements d\u2019impression afin de garantir un fonctionnement optimal et adapt\u00e9 \u00e0 vos besoins professionnels.<\/p>\n<p>Nos services incluent :<\/p>\n<p><b>Installation physique<\/b> : mise en place et branchement de vos copieurs, traceurs et imprimantes multifonctions dans vos locaux.<\/p>\n<p><b>Configuration r\u00e9seau et param\u00e9trage<\/b> : connexion des \u00e9quipements \u00e0 votre infrastructure informatique (Wi-Fi, Ethernet, serveurs d\u2019impression).<\/p>\n<p><b>Installation des pilotes et int\u00e9gration aux postes de travail<\/b> : d\u00e9ploiement des imprimantes sur les ordinateurs de vos collaborateurs pour une utilisation fluide et intuitive.<\/p>\n<p><b>Personnalisation des param\u00e8tres<\/b> : r\u00e9glage des fonctionnalit\u00e9s avanc\u00e9es (num\u00e9risation vers e-mail\/dossier, gestion des quotas, options de s\u00e9curit\u00e9).<\/p>\n<p><b>Assistance et formation<\/b> : accompagnement de vos \u00e9quipes pour une prise en main rapide et efficace des \u00e9quipements install\u00e9s.<\/p>\n<p>Avec MV SYSTEMES, b\u00e9n\u00e9ficiez d\u2019une prestation cl\u00e9 en main et d\u2019un support r\u00e9actif pour assurer la continuit\u00e9 de vos impressions en toute s\u00e9r\u00e9nit\u00e9.<\/p>\n<p>\ud83d\udcde <b>Contactez-nous<\/b> d\u00e8s aujourd\u2019hui pour optimiser votre parc d\u2019impression !<\/p>\n","protected":false},"excerpt":{"rendered":"<p>Imprimante multifonctions, copieur, scanner, traceur&#8230; Chez MV SYSTEMES, nous vous accompagnons dans l\u2019installation et la configuration de vos \u00e9quipements d\u2019impression afin de garantir un fonctionnement optimal et adapt\u00e9 \u00e0 vos besoins professionnels. Nos services incluent : Installation physique : mise en place et branchement de vos copieurs, traceurs et imprimantes multifonctions dans vos locaux. Configuration &hellip; <\/p>\n<p class=\"link-more\"><a href=\"https:\/\/mv-systemes.fr\/index.php\/elementor-441\/\" class=\"more-link\">Continuer la lecture<span class=\"screen-reader-text\"> de &laquo;&nbsp;Installation et param\u00e9trage de copieurs, traceurs et imprimantes multifonctions&nbsp;&raquo;<\/span><\/a><\/p>\n","protected":false},"author":3,"featured_media":0,"parent":0,"menu_order":0,"comment_status":"closed","ping_status":"closed","template":"","meta":{"_exactmetrics_skip_tracking":false,"_exactmetrics_sitenote_active":false,"_exactmetrics_sitenote_note":"","_exactmetrics_sitenote_category":0,"footnotes":""},"class_list":["post-441","page","type-page","status-publish","hentry"],"yoast_head":"<!-- This site is optimized with the Yoast SEO plugin v27.5 - https:\/\/yoast.com\/product\/yoast-seo-wordpress\/ -->\n<title>Installation et param\u00e9trage de copieurs, traceurs et imprimantes multifonctions - MV SYSTEMES<\/title>\n<meta name=\"robots\" content=\"index, follow, max-snippet:-1, max-image-preview:large, max-video-preview:-1\" \/>\n<link rel=\"canonical\" href=\"https:\/\/mv-systemes.fr\/index.php\/elementor-441\/\" \/>\n<meta property=\"og:locale\" content=\"fr_FR\" \/>\n<meta property=\"og:type\" content=\"article\" \/>\n<meta property=\"og:title\" content=\"Installation et param\u00e9trage de copieurs, traceurs et imprimantes multifonctions - MV SYSTEMES\" \/>\n<meta property=\"og:description\" content=\"Imprimante multifonctions, copieur, scanner, traceur&#8230; Chez MV SYSTEMES, nous vous accompagnons dans l\u2019installation et la configuration de vos \u00e9quipements d\u2019impression afin de garantir un fonctionnement optimal et adapt\u00e9 \u00e0 vos besoins professionnels. Nos services incluent : Installation physique : mise en place et branchement de vos copieurs, traceurs et imprimantes multifonctions dans vos locaux. Configuration &hellip; Continuer la lecture de &laquo;&nbsp;Installation et param\u00e9trage de copieurs, traceurs et imprimantes multifonctions&nbsp;&raquo;\" \/>\n<meta property=\"og:url\" content=\"https:\/\/mv-systemes.fr\/index.php\/elementor-441\/\" \/>\n<meta property=\"og:site_name\" content=\"MV SYSTEMES\" \/>\n<meta property=\"article:publisher\" content=\"https:\/\/www.facebook.com\/pg\/MVSYSTEMES\/posts\/\" \/>\n<meta property=\"article:modified_time\" content=\"2025-02-13T16:03:00+00:00\" \/>\n<meta property=\"og:image\" content=\"https:\/\/mv-systemes.fr\/wp-content\/uploads\/2025\/02\/photocopieur-multifonction-brother.jpeg\" \/>\n\t<meta property=\"og:image:width\" content=\"600\" \/>\n\t<meta property=\"og:image:height\" content=\"400\" \/>\n\t<meta property=\"og:image:type\" content=\"image\/jpeg\" \/>\n<meta name=\"twitter:card\" content=\"summary_large_image\" \/>\n<meta name=\"twitter:label1\" content=\"Dur\u00e9e de lecture estim\u00e9e\" \/>\n\t<meta name=\"twitter:data1\" content=\"2 minutes\" \/>\n<script type=\"application\/ld+json\" class=\"yoast-schema-graph\">{\"@context\":\"https:\\\/\\\/schema.org\",\"@graph\":[{\"@type\":\"WebPage\",\"@id\":\"https:\\\/\\\/mv-systemes.fr\\\/index.php\\\/elementor-441\\\/\",\"url\":\"https:\\\/\\\/mv-systemes.fr\\\/index.php\\\/elementor-441\\\/\",\"name\":\"Installation et param\u00e9trage de copieurs, traceurs et imprimantes multifonctions - MV SYSTEMES\",\"isPartOf\":{\"@id\":\"https:\\\/\\\/mv-systemes.fr\\\/#website\"},\"primaryImageOfPage\":{\"@id\":\"https:\\\/\\\/mv-systemes.fr\\\/index.php\\\/elementor-441\\\/#primaryimage\"},\"image\":{\"@id\":\"https:\\\/\\\/mv-systemes.fr\\\/index.php\\\/elementor-441\\\/#primaryimage\"},\"thumbnailUrl\":\"https:\\\/\\\/mv-systemes.fr\\\/wp-content\\\/uploads\\\/2025\\\/02\\\/photocopieur-multifonction-brother.jpeg\",\"datePublished\":\"2025-02-13T15:48:07+00:00\",\"dateModified\":\"2025-02-13T16:03:00+00:00\",\"breadcrumb\":{\"@id\":\"https:\\\/\\\/mv-systemes.fr\\\/index.php\\\/elementor-441\\\/#breadcrumb\"},\"inLanguage\":\"fr-FR\",\"potentialAction\":[{\"@type\":\"ReadAction\",\"target\":[\"https:\\\/\\\/mv-systemes.fr\\\/index.php\\\/elementor-441\\\/\"]}]},{\"@type\":\"ImageObject\",\"inLanguage\":\"fr-FR\",\"@id\":\"https:\\\/\\\/mv-systemes.fr\\\/index.php\\\/elementor-441\\\/#primaryimage\",\"url\":\"https:\\\/\\\/mv-systemes.fr\\\/wp-content\\\/uploads\\\/2025\\\/02\\\/photocopieur-multifonction-brother.jpeg\",\"contentUrl\":\"https:\\\/\\\/mv-systemes.fr\\\/wp-content\\\/uploads\\\/2025\\\/02\\\/photocopieur-multifonction-brother.jpeg\",\"width\":600,\"height\":400},{\"@type\":\"BreadcrumbList\",\"@id\":\"https:\\\/\\\/mv-systemes.fr\\\/index.php\\\/elementor-441\\\/#breadcrumb\",\"itemListElement\":[{\"@type\":\"ListItem\",\"position\":1,\"name\":\"Accueil\",\"item\":\"https:\\\/\\\/mv-systemes.fr\\\/\"},{\"@type\":\"ListItem\",\"position\":2,\"name\":\"Installation et param\u00e9trage de copieurs, traceurs et imprimantes multifonctions\"}]},{\"@type\":\"WebSite\",\"@id\":\"https:\\\/\\\/mv-systemes.fr\\\/#website\",\"url\":\"https:\\\/\\\/mv-systemes.fr\\\/\",\"name\":\"MV SYSTEMES\",\"description\":\"Vous simplifie l&#039;Informatique et la Bureautique\",\"publisher\":{\"@id\":\"https:\\\/\\\/mv-systemes.fr\\\/#organization\"},\"potentialAction\":[{\"@type\":\"SearchAction\",\"target\":{\"@type\":\"EntryPoint\",\"urlTemplate\":\"https:\\\/\\\/mv-systemes.fr\\\/?s={search_term_string}\"},\"query-input\":{\"@type\":\"PropertyValueSpecification\",\"valueRequired\":true,\"valueName\":\"search_term_string\"}}],\"inLanguage\":\"fr-FR\"},{\"@type\":\"Organization\",\"@id\":\"https:\\\/\\\/mv-systemes.fr\\\/#organization\",\"name\":\"MV SYSTEMES\",\"url\":\"https:\\\/\\\/mv-systemes.fr\\\/\",\"logo\":{\"@type\":\"ImageObject\",\"inLanguage\":\"fr-FR\",\"@id\":\"https:\\\/\\\/mv-systemes.fr\\\/#\\\/schema\\\/logo\\\/image\\\/\",\"url\":\"https:\\\/\\\/mv-systemes.fr\\\/wp-content\\\/uploads\\\/2017\\\/06\\\/accueil2.jpg\",\"contentUrl\":\"https:\\\/\\\/mv-systemes.fr\\\/wp-content\\\/uploads\\\/2017\\\/06\\\/accueil2.jpg\",\"width\":800,\"height\":480,\"caption\":\"MV SYSTEMES\"},\"image\":{\"@id\":\"https:\\\/\\\/mv-systemes.fr\\\/#\\\/schema\\\/logo\\\/image\\\/\"},\"sameAs\":[\"https:\\\/\\\/www.facebook.com\\\/pg\\\/MVSYSTEMES\\\/posts\\\/\"]}]}<\/script>\n<!-- \/ Yoast SEO plugin. -->","yoast_head_json":{"title":"Installation et param\u00e9trage de copieurs, traceurs et imprimantes multifonctions - MV SYSTEMES","robots":{"index":"index","follow":"follow","max-snippet":"max-snippet:-1","max-image-preview":"max-image-preview:large","max-video-preview":"max-video-preview:-1"},"canonical":"https:\/\/mv-systemes.fr\/index.php\/elementor-441\/","og_locale":"fr_FR","og_type":"article","og_title":"Installation et param\u00e9trage de copieurs, traceurs et imprimantes multifonctions - MV SYSTEMES","og_description":"Imprimante multifonctions, copieur, scanner, traceur&#8230; Chez MV SYSTEMES, nous vous accompagnons dans l\u2019installation et la configuration de vos \u00e9quipements d\u2019impression afin de garantir un fonctionnement optimal et adapt\u00e9 \u00e0 vos besoins professionnels. Nos services incluent : Installation physique : mise en place et branchement de vos copieurs, traceurs et imprimantes multifonctions dans vos locaux. Configuration &hellip; Continuer la lecture de &laquo;&nbsp;Installation et param\u00e9trage de copieurs, traceurs et imprimantes multifonctions&nbsp;&raquo;","og_url":"https:\/\/mv-systemes.fr\/index.php\/elementor-441\/","og_site_name":"MV SYSTEMES","article_publisher":"https:\/\/www.facebook.com\/pg\/MVSYSTEMES\/posts\/","article_modified_time":"2025-02-13T16:03:00+00:00","og_image":[{"width":600,"height":400,"url":"https:\/\/mv-systemes.fr\/wp-content\/uploads\/2025\/02\/photocopieur-multifonction-brother.jpeg","type":"image\/jpeg"}],"twitter_card":"summary_large_image","twitter_misc":{"Dur\u00e9e de lecture estim\u00e9e":"2 minutes"},"schema":{"@context":"https:\/\/schema.org","@graph":[{"@type":"WebPage","@id":"https:\/\/mv-systemes.fr\/index.php\/elementor-441\/","url":"https:\/\/mv-systemes.fr\/index.php\/elementor-441\/","name":"Installation et param\u00e9trage de copieurs, traceurs et imprimantes multifonctions - MV SYSTEMES","isPartOf":{"@id":"https:\/\/mv-systemes.fr\/#website"},"primaryImageOfPage":{"@id":"https:\/\/mv-systemes.fr\/index.php\/elementor-441\/#primaryimage"},"image":{"@id":"https:\/\/mv-systemes.fr\/index.php\/elementor-441\/#primaryimage"},"thumbnailUrl":"https:\/\/mv-systemes.fr\/wp-content\/uploads\/2025\/02\/photocopieur-multifonction-brother.jpeg","datePublished":"2025-02-13T15:48:07+00:00","dateModified":"2025-02-13T16:03:00+00:00","breadcrumb":{"@id":"https:\/\/mv-systemes.fr\/index.php\/elementor-441\/#breadcrumb"},"inLanguage":"fr-FR","potentialAction":[{"@type":"ReadAction","target":["https:\/\/mv-systemes.fr\/index.php\/elementor-441\/"]}]},{"@type":"ImageObject","inLanguage":"fr-FR","@id":"https:\/\/mv-systemes.fr\/index.php\/elementor-441\/#primaryimage","url":"https:\/\/mv-systemes.fr\/wp-content\/uploads\/2025\/02\/photocopieur-multifonction-brother.jpeg","contentUrl":"https:\/\/mv-systemes.fr\/wp-content\/uploads\/2025\/02\/photocopieur-multifonction-brother.jpeg","width":600,"height":400},{"@type":"BreadcrumbList","@id":"https:\/\/mv-systemes.fr\/index.php\/elementor-441\/#breadcrumb","itemListElement":[{"@type":"ListItem","position":1,"name":"Accueil","item":"https:\/\/mv-systemes.fr\/"},{"@type":"ListItem","position":2,"name":"Installation et param\u00e9trage de copieurs, traceurs et imprimantes multifonctions"}]},{"@type":"WebSite","@id":"https:\/\/mv-systemes.fr\/#website","url":"https:\/\/mv-systemes.fr\/","name":"MV SYSTEMES","description":"Vous simplifie l&#039;Informatique et la Bureautique","publisher":{"@id":"https:\/\/mv-systemes.fr\/#organization"},"potentialAction":[{"@type":"SearchAction","target":{"@type":"EntryPoint","urlTemplate":"https:\/\/mv-systemes.fr\/?s={search_term_string}"},"query-input":{"@type":"PropertyValueSpecification","valueRequired":true,"valueName":"search_term_string"}}],"inLanguage":"fr-FR"},{"@type":"Organization","@id":"https:\/\/mv-systemes.fr\/#organization","name":"MV SYSTEMES","url":"https:\/\/mv-systemes.fr\/","logo":{"@type":"ImageObject","inLanguage":"fr-FR","@id":"https:\/\/mv-systemes.fr\/#\/schema\/logo\/image\/","url":"https:\/\/mv-systemes.fr\/wp-content\/uploads\/2017\/06\/accueil2.jpg","contentUrl":"https:\/\/mv-systemes.fr\/wp-content\/uploads\/2017\/06\/accueil2.jpg","width":800,"height":480,"caption":"MV SYSTEMES"},"image":{"@id":"https:\/\/mv-systemes.fr\/#\/schema\/logo\/image\/"},"sameAs":["https:\/\/www.facebook.com\/pg\/MVSYSTEMES\/posts\/"]}]}},"_links":{"self":[{"href":"https:\/\/mv-systemes.fr\/index.php\/wp-json\/wp\/v2\/pages\/441","targetHints":{"allow":["GET"]}}],"collection":[{"href":"https:\/\/mv-systemes.fr\/index.php\/wp-json\/wp\/v2\/pages"}],"about":[{"href":"https:\/\/mv-systemes.fr\/index.php\/wp-json\/wp\/v2\/types\/page"}],"author":[{"embeddable":true,"href":"https:\/\/mv-systemes.fr\/index.php\/wp-json\/wp\/v2\/users\/3"}],"replies":[{"embeddable":true,"href":"https:\/\/mv-systemes.fr\/index.php\/wp-json\/wp\/v2\/comments?post=441"}],"version-history":[{"count":11,"href":"https:\/\/mv-systemes.fr\/index.php\/wp-json\/wp\/v2\/pages\/441\/revisions"}],"predecessor-version":[{"id":465,"href":"https:\/\/mv-systemes.fr\/index.php\/wp-json\/wp\/v2\/pages\/441\/revisions\/465"}],"wp:attachment":[{"href":"https:\/\/mv-systemes.fr\/index.php\/wp-json\/wp\/v2\/media?parent=441"}],"curies":[{"name":"wp","href":"https:\/\/api.w.org\/{rel}","templated":true}]}}